{"id":3305,"date":"2025-01-21T22:29:38","date_gmt":"2025-01-21T22:29:38","guid":{"rendered":"https:\/\/emmaus-lyon-dev.org\/?page_id=3305"},"modified":"2025-10-08T02:42:32","modified_gmt":"2025-10-08T02:42:32","slug":"politique-de-confidentialite","status":"publish","type":"page","link":"https:\/\/emmaus-lyon.org\/?page_id=3305","title":{"rendered":"Politique de confidentialit\u00e9"},"content":{"rendered":"\t\t<div data-elementor-type=\"wp-page\" data-elementor-id=\"3305\" class=\"elementor elementor-3305\" data-elementor-post-type=\"page\">\n\t\t\t\t<div class=\"elementor-element elementor-element-6c154c7 e-flex e-con-boxed e-con e-parent\" data-id=\"6c154c7\" data-element_type=\"container\" data-e-type=\"container\" data-settings=\"{&quot;background_background&quot;:&quot;classic&quot;}\">\n\t\t\t\t\t<div class=\"e-con-inner\">\n\t\t\t\t<div class=\"elementor-element elementor-element-b5d33f6 elementor-widget__width-initial elementor-widget elementor-widget-heading\" data-id=\"b5d33f6\" data-element_type=\"widget\" data-e-type=\"widget\" data-widget_type=\"heading.default\">\n\t\t\t\t<div class=\"elementor-widget-container\">\n\t\t\t\t\t<h1 class=\"elementor-heading-title elementor-size-default\">Politique de confidentialit\u00e9<\/h1>\t\t\t\t<\/div>\n\t\t\t\t<\/div>\n\t\t\t\t\t<\/div>\n\t\t\t\t<\/div>\n\t\t<div class=\"elementor-element elementor-element-b2404e6 e-flex e-con-boxed e-con e-parent\" data-id=\"b2404e6\" data-element_type=\"container\" data-e-type=\"container\">\n\t\t\t\t\t<div class=\"e-con-inner\">\n\t\t<div class=\"elementor-element elementor-element-484c102 e-con-full e-flex e-con e-child\" data-id=\"484c102\" data-element_type=\"container\" data-e-type=\"container\">\n\t\t<div class=\"elementor-element elementor-element-57e0f19 e-con-full e-flex e-con e-child\" data-id=\"57e0f19\" data-element_type=\"container\" data-e-type=\"container\">\n\t\t\t\t<div class=\"elementor-element elementor-element-e4e3acf elementor-widget-mobile__width-initial elementor-widget__width-initial elementor-widget elementor-widget-heading\" data-id=\"e4e3acf\" data-element_type=\"widget\" data-e-type=\"widget\" data-widget_type=\"heading.default\">\n\t\t\t\t<div class=\"elementor-widget-container\">\n\t\t\t\t\t<h2 class=\"elementor-heading-title elementor-size-default\">Politique de protection des donn\u00e9es personnelles \u2013\nEmma\u00fcs Lyon<\/h2>\t\t\t\t<\/div>\n\t\t\t\t<\/div>\n\t\t\t\t<\/div>\n\t\t<div class=\"elementor-element elementor-element-6afe5d5 e-con-full e-flex e-con e-child\" data-id=\"6afe5d5\" data-element_type=\"container\" data-e-type=\"container\">\n\t\t\t\t<div class=\"elementor-element elementor-element-dda1f33 elementor-widget__width-initial elementor-widget elementor-widget-text-editor\" data-id=\"dda1f33\" data-element_type=\"widget\" data-e-type=\"widget\" data-widget_type=\"text-editor.default\">\n\t\t\t\t<div class=\"elementor-widget-container\">\n\t\t\t\t\t\t\t\t\t<p style=\"text-align: left;\"><span style=\"font-family: Helvetica; font-size: 14pt; color: #000000;\">La pr\u00e9sente Politique de protection des donn\u00e9es personnelles a pour objectif d\u2019expliquer les <\/span><span style=\"font-family: Helvetica; font-size: 14pt; color: #000000;\">principes et les lignes directrices appliqu\u00e9s par <strong>Emma\u00fcs Lyon<\/strong> dans le traitement <\/span><span style=\"font-family: Helvetica; font-size: 14pt; color: #000000;\">des donn\u00e9es <\/span><span style=\"font-family: Helvetica; font-size: 14pt; color: #000000;\">personnelles des utilisateurs du site<\/span><\/p><p style=\"text-align: left;\"><strong><span style=\"font-family: Helvetica; font-size: 14pt; color: #000000;\"> Emma\u00fcs-lyon.org<\/span><\/strong><br \/><span style=\"font-family: Helvetica; font-size: 14pt; color: #000000;\">Elle ne s\u2019applique pas aux traitements r\u00e9alis\u00e9s sur des sites ou applications de tiers dont <\/span><span style=\"font-family: Helvetica; font-size: 14pt; color: #000000;\">Emma\u00fcs Lyon n\u2019est pas responsable.<\/span><br \/><span style=\"font-family: Helvetica; font-size: 14pt; color: #000000;\">Quand vous entrez en contact avec Emma\u00fcs Lyon, que ce soit pour une demande <\/span><span style=\"font-family: Helvetica; font-size: 14pt; color: #000000;\">d\u2019information, une inscription \u00e0 une newsletter, une participation \u00e0 nos ventes sp\u00e9ciales ou <\/span><span style=\"font-family: Helvetica; font-size: 14pt; color: #000000;\">une action solidaire, certaines informations vous concernant peuvent \u00eatre collect\u00e9es et trait\u00e9es <\/span><span style=\"font-family: Helvetica; font-size: 14pt; color: #000000;\">conform\u00e9ment au R\u00e8glement G\u00e9n\u00e9ral sur la Protection des Donn\u00e9es (RGPD). Notre <\/span><span style=\"font-family: Helvetica; font-size: 14pt; color: #000000;\">objectif est d\u2019\u00eatre totalement transparents sur l\u2019utilisation de vos donn\u00e9es et de vous informer<\/span><br \/><span style=\"font-family: Helvetica; font-size: 14pt; color: #000000;\">de vos droits.<\/span><\/p>\t\t\t\t\t\t\t\t<\/div>\n\t\t\t\t<\/div>\n\t\t\t\t<\/div>\n\t\t\t\t<\/div>\n\t\t<div class=\"elementor-element elementor-element-54c5b49 e-con-full e-flex e-con e-child\" data-id=\"54c5b49\" data-element_type=\"container\" data-e-type=\"container\">\n\t\t<div class=\"elementor-element elementor-element-038edef e-con-full e-flex e-con e-child\" data-id=\"038edef\" data-element_type=\"container\" data-e-type=\"container\">\n\t\t\t\t<div class=\"elementor-element elementor-element-43db229 elementor-widget elementor-widget-text-editor\" data-id=\"43db229\" data-element_type=\"widget\" data-e-type=\"widget\" data-widget_type=\"text-editor.default\">\n\t\t\t\t<div class=\"elementor-widget-container\">\n\t\t\t\t\t\t\t\t\t<p><span style=\"color: #2b5592; font-size: 18pt;\"><strong><span style=\"font-family: Helvetica;\">Notre engagement <\/span><\/strong><span style=\"font-family: Helvetica;\"><strong>Emma\u00fcs Lyon s\u2019engage \u00e0<\/strong><\/span><span style=\"font-family: Helvetica;\"> :<\/span><\/span><\/p><p><span style=\"font-family: Helvetica; font-size: 14pt; color: #000000;\">\u2022 Respecter la r\u00e9glementation en vigueur sur la protection des donn\u00e9es<\/span><br \/><span style=\"font-family: Helvetica; font-size: 14pt; color: #000000;\">\u2022 Prot\u00e9ger vos donn\u00e9es contre toute perte, modification ou acc\u00e8s non autoris\u00e9<\/span><br \/><span style=\"font-family: Helvetica; font-size: 14pt; color: #000000;\">\u2022 Limiter la collecte de donn\u00e9es au strict n\u00e9cessaire pour nos missions<\/span><\/p><p><span style=\"color: #2b5592;\"><strong><span style=\"font-family: Helvetica; font-size: 18pt;\">Quelles donn\u00e9es sont collect\u00e9es ?<\/span><\/strong><\/span><\/p><p><span style=\"font-family: Helvetica; font-size: 14pt; color: #000000;\">\u00a0 Selon vos interactions avec notre site ou nos \u00e9quipes, nous pouvons collecter :<\/span><br \/><span style=\"font-family: Helvetica; font-size: 14pt; color: #000000;\">\u2022 Donn\u00e9es d\u2019identification : nom, pr\u00e9nom, civilit\u00e9, \u00e2ge<\/span><br \/><span style=\"font-family: Helvetica; font-size: 14pt; color: #000000;\">\u2022 Coordonn\u00e9es : adresse postale, e-mail, num\u00e9ro de t\u00e9l\u00e9phone<\/span><\/p><p><span style=\"font-family: Helvetica; font-size: 14pt; color: #000000;\">\u2022 Donn\u00e9es de gestion : historique de vos interactions avec nos services (participation \u00e0<\/span><br \/><span style=\"font-family: Helvetica; font-size: 14pt; color: #000000;\">des ventes sp\u00e9ciales, demandes d\u2019information)<\/span><br \/><span style=\"font-family: Helvetica; font-size: 14pt; color: #000000;\">\u2022 Donn\u00e9es de navigation : adresse IP, type de navigateur, cookies<\/span><br \/><span style=\"font-family: Helvetica; font-size: 14pt; color: #000000;\">Certaines informations sont recueillies automatiquement lors de votre visite sur le site.<\/span><\/p><p><span style=\"color: #2b5592;\"><strong><span style=\"font-family: Helvetica; font-size: 18pt;\">Pourquoi utilisons-nous vos donn\u00e9es ?<\/span><\/strong><\/span><\/p><p><span style=\"font-family: Helvetica; font-size: 14pt; color: #000000;\">Vos donn\u00e9es personnelles servent \u00e0 :<\/span><br \/><span style=\"font-family: Helvetica; font-size: 14pt; color: #000000;\">\u2022 R\u00e9pondre \u00e0 vos demandes (informations sur nos ventes, nos actions solidaires)<\/span><br \/><span style=\"font-family: Helvetica; font-size: 14pt; color: #000000;\">\u2022 Vous informer de nos actualit\u00e9s et \u00e9v\u00e9nements (newsletter, brochures)<\/span><br \/><span style=\"font-family: Helvetica; font-size: 14pt; color: #000000;\">\u2022 Am\u00e9liorer la qualit\u00e9 de nos services et de votre exp\u00e9rience sur le site<\/span><br \/><span style=\"font-family: Helvetica; font-size: 14pt; color: #000000;\">\u2022 R\u00e9aliser des statistiques anonymes pour mieux comprendre nos publics<\/span><\/p><p><span style=\"font-size: 18pt;\"><strong><span style=\"font-family: Helvetica; color: #2b5592;\">Qui a acc\u00e8s \u00e0 vos donn\u00e9es ?<\/span><\/strong><\/span><\/p><p><span style=\"font-family: Helvetica; font-size: 14pt; color: #000000;\">L\u2019acc\u00e8s \u00e0 vos donn\u00e9es est strictement limit\u00e9 \u00e0 :<\/span><br \/><span style=\"font-family: Helvetica; font-size: 14pt; color: #000000;\">\u2022 Nos \u00e9quipes internes qui en ont besoin pour leurs missions<\/span><br \/><span style=\"font-family: Helvetica; font-size: 14pt; color: #000000;\">\u2022 Nos prestataires de services li\u00e9s \u00e0 l\u2019h\u00e9bergement et \u00e0 la maintenance du site,<\/span><br \/><span style=\"font-family: Helvetica; font-size: 14pt; color: #000000;\">contractuellement tenus de respecter la confidentialit\u00e9 de vos donn\u00e9es<\/span><br \/><span style=\"font-family: Helvetica; font-size: 14pt; color: #000000;\">Aucune donn\u00e9e n\u2019est vendue ni c\u00e9d\u00e9e \u00e0 des tiers.<\/span><\/p><p><strong><span style=\"font-family: Helvetica; font-size: 18pt; color: #2b5592;\">Combien de temps conservons-nous vos donn\u00e9es ?<\/span><\/strong><\/p><p><span style=\"font-family: Helvetica; font-size: 14pt; color: #000000;\">Nous conservons vos donn\u00e9es personnelles uniquement le temps n\u00e9cessaire aux finalit\u00e9s pour<\/span><br \/><span style=\"font-family: Helvetica; font-size: 14pt; color: #000000;\">lesquelles elles ont \u00e9t\u00e9 collect\u00e9es, dans le respect des obligations l\u00e9gales.<\/span><\/p><p><strong><span style=\"font-family: Helvetica; font-size: 18pt; color: #2b5592;\">Vos droits<\/span><\/strong><\/p><p><span style=\"font-family: Helvetica; font-size: 14pt; color: #000000;\">Vous pouvez \u00e0 tout moment :<\/span><br \/><span style=\"font-family: Helvetica; font-size: 14pt; color: #000000;\">\u2022 Acc\u00e9der \u00e0 vos donn\u00e9es<\/span><br \/><span style=\"font-family: Helvetica; font-size: 14pt; color: #000000;\">\u2022 Demander leur rectification ou leur suppression<\/span><br \/><span style=\"font-family: Helvetica; font-size: 14pt; color: #000000;\">\u2022 Vous opposer \u00e0 leur traitement ou en demander la limitation<\/span><br \/><span style=\"font-family: Helvetica; font-size: 14pt; color: #000000;\">Pour exercer vos droits, contactez-nous :<\/span><\/p><p><span style=\"font-family: Helvetica; font-size: 14pt; color: #000000;\">Par courrier : Emma\u00fcs Lyon \u2013 Service Communication \u2013 [adresse du si\u00e8ge des 3 magasins]<\/span><br \/><span style=\"font-family: Helvetica; font-size: 14pt; color: #000000;\">Par e-mail : communication@emmaus-lyon-dev.org<\/span><br \/><span style=\"font-family: Helvetica; font-size: 14pt; color: #000000;\">Vous pouvez aussi saisir la Commission Nationale de l\u2019Informatique et des Libert\u00e9s (CNIL)<\/span><br \/><span style=\"font-family: Helvetica; font-size: 14pt; color: #000000;\">via www.cnil.fr en cas de d\u00e9saccord.<\/span><\/p><p><span style=\"color: #2b5592; font-size: 18pt;\"><strong><span style=\"font-family: Helvetica;\">Propri\u00e9t\u00e9 intellectuelle<\/span><\/strong><\/span><\/p><p><span style=\"font-family: Helvetica; font-size: 14pt; color: #000000;\">Les contenus du site Emma\u00fcs Lyon (textes, images, vid\u00e9os) sont prot\u00e9g\u00e9s par les lois sur le<\/span><br \/><span style=\"font-family: Helvetica; font-size: 14pt; color: #000000;\">droit d\u2019auteur. Toute reproduction totale ou partielle est interdite sans autorisation \u00e9crite.<\/span><\/p><p><strong><span style=\"font-family: Helvetica; font-size: 18pt; color: #2b5592;\">Cookies<\/span><\/strong><\/p><p><span style=\"font-family: Helvetica; font-size: 14pt; color: #000000;\">Ce site utilise des cookies pour am\u00e9liorer votre exp\u00e9rience. Vous pouvez les accepter, les<\/span><br \/><span style=\"font-family: Helvetica; font-size: 14pt; color: #000000;\">refuser ou modifier vos pr\u00e9f\u00e9rences \u00e0 tout moment via les param\u00e8tres de votre navigateur.<\/span><\/p><div>\u00a0<\/div><div>\u00a0<\/div>\t\t\t\t\t\t\t\t<\/div>\n\t\t\t\t<\/div>\n\t\t\t\t<\/div>\n\t\t\t\t<\/div>\n\t\t\t\t\t<\/div>\n\t\t\t\t<\/div>\n\t\t\t\t<\/div>\n\t\t","protected":false},"excerpt":{"rendered":"<p>Politique de confidentialit\u00e9 Politique de protection des donn\u00e9es personnelles \u2013 Emma\u00fcs Lyon La pr\u00e9sente Politique de protection des donn\u00e9es personnelles a pour objectif d\u2019expliquer les principes et les lignes directrices appliqu\u00e9s par Emma\u00fcs Lyon dans le traitement des donn\u00e9es personnelles des utilisateurs du site Emma\u00fcs-lyon.orgElle ne s\u2019applique pas aux traitements r\u00e9alis\u00e9s sur des sites ou [&hellip;]<\/p>\n","protected":false},"author":2,"featured_media":0,"parent":0,"menu_order":0,"comment_status":"closed","ping_status":"closed","template":"","meta":{"footnotes":""},"class_list":["post-3305","page","type-page","status-publish","hentry"],"aioseo_notices":[],"_links":{"self":[{"href":"https:\/\/emmaus-lyon.org\/index.php?rest_route=\/wp\/v2\/pages\/3305","targetHints":{"allow":["GET"]}}],"collection":[{"href":"https:\/\/emmaus-lyon.org\/index.php?rest_route=\/wp\/v2\/pages"}],"about":[{"href":"https:\/\/emmaus-lyon.org\/index.php?rest_route=\/wp\/v2\/types\/page"}],"author":[{"embeddable":true,"href":"https:\/\/emmaus-lyon.org\/index.php?rest_route=\/wp\/v2\/users\/2"}],"replies":[{"embeddable":true,"href":"https:\/\/emmaus-lyon.org\/index.php?rest_route=%2Fwp%2Fv2%2Fcomments&post=3305"}],"version-history":[{"count":64,"href":"https:\/\/emmaus-lyon.org\/index.php?rest_route=\/wp\/v2\/pages\/3305\/revisions"}],"predecessor-version":[{"id":12967,"href":"https:\/\/emmaus-lyon.org\/index.php?rest_route=\/wp\/v2\/pages\/3305\/revisions\/12967"}],"wp:attachment":[{"href":"https:\/\/emmaus-lyon.org\/index.php?rest_route=%2Fwp%2Fv2%2Fmedia&parent=3305"}],"curies":[{"name":"wp","href":"https:\/\/api.w.org\/{rel}","templated":true}]}}