{"id":3101,"date":"2025-01-21T10:18:42","date_gmt":"2025-01-21T10:18:42","guid":{"rendered":"https:\/\/emmaus-lyon-dev.org\/?page_id=3101"},"modified":"2025-10-16T07:25:49","modified_gmt":"2025-10-16T07:25:49","slug":"v2-contacte-v2","status":"publish","type":"page","link":"https:\/\/emmaus-lyon.org\/?page_id=3101","title":{"rendered":"Contact ( V ancienne )"},"content":{"rendered":"\t\t<div data-elementor-type=\"wp-page\" data-elementor-id=\"3101\" class=\"elementor elementor-3101\" data-elementor-post-type=\"page\">\n\t\t\t\t<div class=\"elementor-element elementor-element-6d2d00e e-flex e-con-boxed e-con e-parent\" data-id=\"6d2d00e\" data-element_type=\"container\" data-e-type=\"container\" data-settings=\"{&quot;background_background&quot;:&quot;classic&quot;}\">\n\t\t\t\t\t<div class=\"e-con-inner\">\n\t\t\t\t<div class=\"elementor-element elementor-element-02eeacc elementor-widget__width-initial elementor-widget elementor-widget-heading\" data-id=\"02eeacc\" data-element_type=\"widget\" data-e-type=\"widget\" data-widget_type=\"heading.default\">\n\t\t\t\t<div class=\"elementor-widget-container\">\n\t\t\t\t\t<h1 class=\"elementor-heading-title elementor-size-default\">contactez nous<\/h1>\t\t\t\t<\/div>\n\t\t\t\t<\/div>\n\t\t\t\t\t<\/div>\n\t\t\t\t<\/div>\n\t\t<div class=\"elementor-element elementor-element-b00dd46 e-flex e-con-boxed e-con e-parent\" data-id=\"b00dd46\" data-element_type=\"container\" data-e-type=\"container\">\n\t\t\t\t\t<div class=\"e-con-inner\">\n\t\t<div class=\"elementor-element elementor-element-d723e84 e-con-full e-flex e-con e-child\" data-id=\"d723e84\" data-element_type=\"container\" data-e-type=\"container\" data-settings=\"{&quot;background_background&quot;:&quot;classic&quot;}\">\n\t\t\t\t<div class=\"elementor-element elementor-element-0cdfc41 elementor-button-align-stretch elementor-widget elementor-widget-form\" data-id=\"0cdfc41\" data-element_type=\"widget\" data-e-type=\"widget\" data-settings=\"{&quot;button_width&quot;:&quot;30&quot;,&quot;step_next_label&quot;:&quot;Suivant&quot;,&quot;step_previous_label&quot;:&quot;Pr\\u00e9c\\u00e9dent&quot;,&quot;step_type&quot;:&quot;number_text&quot;,&quot;step_icon_shape&quot;:&quot;circle&quot;}\" data-widget_type=\"form.default\">\n\t\t\t\t<div class=\"elementor-widget-container\">\n\t\t\t\t\t\t\t<form class=\"elementor-form\" method=\"post\" name=\"Nouveau formulaire\" aria-label=\"Nouveau formulaire\">\n\t\t\t<input type=\"hidden\" name=\"post_id\" value=\"3101\"\/>\n\t\t\t<input type=\"hidden\" name=\"form_id\" value=\"0cdfc41\"\/>\n\t\t\t<input type=\"hidden\" name=\"referer_title\" value=\"Contact ( V ancienne )\" \/>\n\n\t\t\t\t\t\t\t<input type=\"hidden\" name=\"queried_id\" value=\"3101\"\/>\n\t\t\t\n\t\t\t<div class=\"elementor-form-fields-wrapper elementor-labels-above\">\n\t\t\t\t\t\t\t\t<div class=\"elementor-field-type-text elementor-field-group elementor-column elementor-field-group-field_7831d0a elementor-col-50 elementor-field-required\">\n\t\t\t\t\t\t\t\t\t\t\t\t<label for=\"form-field-field_7831d0a\" class=\"elementor-field-label\">\n\t\t\t\t\t\t\t\tNom\t\t\t\t\t\t\t<\/label>\n\t\t\t\t\t\t\t\t\t\t\t\t\t\t<input size=\"1\" type=\"text\" name=\"form_fields[field_7831d0a]\" id=\"form-field-field_7831d0a\" class=\"elementor-field elementor-size-xs  elementor-field-textual\" placeholder=\"Nom\" value=\"Amrouch\" required=\"required\">\n\t\t\t\t\t\t\t\t\t\t\t<\/div>\n\t\t\t\t\t\t\t\t<div class=\"elementor-field-type-text elementor-field-group elementor-column elementor-field-group-field_2111f82 elementor-col-50\">\n\t\t\t\t\t\t\t\t\t\t\t\t<label for=\"form-field-field_2111f82\" class=\"elementor-field-label\">\n\t\t\t\t\t\t\t\tPr\u00e9nom\t\t\t\t\t\t\t<\/label>\n\t\t\t\t\t\t\t\t\t\t\t\t\t\t<input size=\"1\" type=\"text\" name=\"form_fields[field_2111f82]\" id=\"form-field-field_2111f82\" class=\"elementor-field elementor-size-xs  elementor-field-textual\" placeholder=\"Samia\">\n\t\t\t\t\t\t\t\t\t\t\t<\/div>\n\t\t\t\t\t\t\t\t<div class=\"elementor-field-type-email elementor-field-group elementor-column elementor-field-group-hjhg elementor-col-50 elementor-field-required\">\n\t\t\t\t\t\t\t\t\t\t\t\t<label for=\"form-field-hjhg\" class=\"elementor-field-label\">\n\t\t\t\t\t\t\t\tVotre mail\t\t\t\t\t\t\t<\/label>\n\t\t\t\t\t\t\t\t\t\t\t\t\t\t<input size=\"1\" type=\"email\" name=\"form_fields[hjhg]\" id=\"form-field-hjhg\" class=\"elementor-field elementor-size-xs  elementor-field-textual\" placeholder=\"amrouch.samia@gmail.com\" required=\"required\">\n\t\t\t\t\t\t\t\t\t\t\t<\/div>\n\t\t\t\t\t\t\t\t<div class=\"elementor-field-type-tel elementor-field-group elementor-column elementor-field-group-field_eff4a56 elementor-col-50\">\n\t\t\t\t\t\t\t\t\t\t\t\t<label for=\"form-field-field_eff4a56\" class=\"elementor-field-label\">\n\t\t\t\t\t\t\t\tVotre t\u00e9l\u00e9phonne\t\t\t\t\t\t\t<\/label>\n\t\t\t\t\t\t\t\t<input size=\"1\" type=\"tel\" name=\"form_fields[field_eff4a56]\" id=\"form-field-field_eff4a56\" class=\"elementor-field elementor-size-xs  elementor-field-textual\" pattern=\"[0-9()#&amp;+*-=.]+\" title=\"Seuls les caract\u00e8res de num\u00e9ros de t\u00e9l\u00e9phone (#, -, *, etc.) sont accept\u00e9s.\">\n\n\t\t\t\t\t\t<\/div>\n\t\t\t\t\t\t\t\t<div class=\"elementor-field-type-select elementor-field-group elementor-column elementor-field-group-field_24a995d elementor-col-100 elementor-field-required\">\n\t\t\t\t\t\t\t\t\t\t\t\t<label for=\"form-field-field_24a995d\" class=\"elementor-field-label\">\n\t\t\t\t\t\t\t\tMotif\t\t\t\t\t\t\t<\/label>\n\t\t\t\t\t\t\t\t<div class=\"elementor-field elementor-select-wrapper remove-before \">\n\t\t\t<div class=\"select-caret-down-wrapper\">\n\t\t\t\t<svg aria-hidden=\"true\" class=\"e-font-icon-svg e-eicon-caret-down\" viewBox=\"0 0 571.4 571.4\" xmlns=\"http:\/\/www.w3.org\/2000\/svg\"><path d=\"M571 393Q571 407 561 418L311 668Q300 679 286 679T261 668L11 418Q0 407 0 393T11 368 36 357H536Q550 357 561 368T571 393Z\"><\/path><\/svg>\t\t\t<\/div>\n\t\t\t<select name=\"form_fields[field_24a995d]\" id=\"form-field-field_24a995d\" class=\"elementor-field-textual elementor-size-xs\" required=\"required\">\n\t\t\t\t\t\t\t\t\t<option value=\"Faire un dons \">Faire un dons <\/option>\n\t\t\t\t\t\t\t\t\t<option value=\"Faire du b\u00e9n\u00e9volat\">Faire du b\u00e9n\u00e9volat<\/option>\n\t\t\t\t\t\t\t\t\t<option value=\"Envisager un partenariat\">Envisager un partenariat<\/option>\n\t\t\t\t\t\t\t\t\t<option value=\"Autres questions\">Autres questions<\/option>\n\t\t\t\t\t\t\t<\/select>\n\t\t<\/div>\n\t\t\t\t\t\t<\/div>\n\t\t\t\t\t\t\t\t<div class=\"elementor-field-type-text elementor-field-group elementor-column elementor-field-group-field_42919b7 elementor-col-100 elementor-field-required\">\n\t\t\t\t\t\t\t\t\t\t\t\t<label for=\"form-field-field_42919b7\" class=\"elementor-field-label\">\n\t\t\t\t\t\t\t\t Objet\t\t\t\t\t\t\t<\/label>\n\t\t\t\t\t\t\t\t\t\t\t\t\t\t<input size=\"1\" type=\"text\" name=\"form_fields[field_42919b7]\" id=\"form-field-field_42919b7\" class=\"elementor-field elementor-size-xs  elementor-field-textual\" required=\"required\">\n\t\t\t\t\t\t\t\t\t\t\t<\/div>\n\t\t\t\t\t\t\t\t<div class=\"elementor-field-type-textarea elementor-field-group elementor-column elementor-field-group-field_46fd412 elementor-col-100\">\n\t\t\t\t\t\t\t\t\t\t\t\t<label for=\"form-field-field_46fd412\" class=\"elementor-field-label\">\n\t\t\t\t\t\t\t\tVotre message :\t\t\t\t\t\t\t<\/label>\n\t\t\t\t\t\t<textarea class=\"elementor-field-textual elementor-field  elementor-size-xs\" name=\"form_fields[field_46fd412]\" id=\"form-field-field_46fd412\" rows=\"7\"><\/textarea>\t\t\t\t<\/div>\n\t\t\t\t\t\t\t\t<div class=\"elementor-field-type-checkbox elementor-field-group elementor-column elementor-field-group-field_74a073f elementor-col-100\">\n\t\t\t\t\t\t\t\t\t\t\t\t<label for=\"form-field-field_74a073f\" class=\"elementor-field-label\">\n\t\t\t\t\t\t\t\tVous souhaitez \u00eatre contacter par :\t\t\t\t\t\t\t<\/label>\n\t\t\t\t\t\t<div class=\"elementor-field-subgroup  \"><span class=\"elementor-field-option\"><input type=\"checkbox\" value=\"Mail\" id=\"form-field-field_74a073f-0\" name=\"form_fields[field_74a073f][]\"> <label for=\"form-field-field_74a073f-0\">Mail<\/label><\/span><span class=\"elementor-field-option\"><input type=\"checkbox\" value=\"T\u00e9l\u00e9phonne\" id=\"form-field-field_74a073f-1\" name=\"form_fields[field_74a073f][]\"> <label for=\"form-field-field_74a073f-1\">T\u00e9l\u00e9phonne<\/label><\/span><\/div>\t\t\t\t<\/div>\n\t\t\t\t\t\t\t\t<div class=\"elementor-field-group elementor-column elementor-field-type-submit elementor-col-30 e-form__buttons\">\n\t\t\t\t\t<button class=\"elementor-button elementor-size-md\" type=\"submit\">\n\t\t\t\t\t\t<span class=\"elementor-button-content-wrapper\">\n\t\t\t\t\t\t\t\t\t\t\t\t\t\t\t\t\t\t\t\t\t\t<span class=\"elementor-button-text\">Envoyer<\/span>\n\t\t\t\t\t\t\t\t\t\t\t\t\t<\/span>\n\t\t\t\t\t<\/button>\n\t\t\t\t<\/div>\n\t\t\t<\/div>\n\t\t<\/form>\n\t\t\t\t\t\t<\/div>\n\t\t\t\t<\/div>\n\t\t\t\t<\/div>\n\t\t<div class=\"elementor-element elementor-element-f82395f e-con-full e-flex e-con e-child\" data-id=\"f82395f\" data-element_type=\"container\" data-e-type=\"container\">\n\t\t<div class=\"elementor-element elementor-element-428a2fb e-con-full e-flex e-con e-child\" data-id=\"428a2fb\" data-element_type=\"container\" data-e-type=\"container\">\n\t\t\t\t<div class=\"elementor-element elementor-element-2dad508 elementor-widget elementor-widget-text-editor\" data-id=\"2dad508\" data-element_type=\"widget\" data-e-type=\"widget\" data-widget_type=\"text-editor.default\">\n\t\t\t\t<div class=\"elementor-widget-container\">\n\t\t\t\t\t\t\t\t\t<h2><strong><span style=\"font-family: Helvetica; font-size: 24pt;\"><span style=\"color: #000000; font-size: 18pt;\"><span class=\"m-font-size-28 font-size-42\">P<\/span><\/span><span style=\"color: #000000;\"><span class=\"m-font-size-28 font-size-42\"><span style=\"font-size: 18pt;\">RENEZ CONTACT AVEC<\/span> <\/span><\/span><\/span><\/strong><\/h2><h2><span style=\"font-family: Arial Black, Avant Garde;\"><span style=\"font-size: 24pt;\"><span style=\"color: #000000;\"><span class=\"m-font-size-28 font-size-42\"><span style=\"color: #ff6600;\">EMMA\u00dcS<\/span><\/span><\/span><span style=\"color: #000000;\"><span class=\"m-font-size-28 font-size-42\"><span style=\"color: #ff6600;\">\u00a0LYON<\/span><\/span><\/span><\/span><\/span><span class=\"m-font-size-28 font-size-36\"><br \/><\/span><\/h2>\t\t\t\t\t\t\t\t<\/div>\n\t\t\t\t<\/div>\n\t\t\t\t<\/div>\n\t\t<div class=\"elementor-element elementor-element-1fed278 e-con-full e-flex e-con e-child\" data-id=\"1fed278\" data-element_type=\"container\" data-e-type=\"container\">\n\t\t\t\t<div class=\"elementor-element elementor-element-09966ba elementor-widget elementor-widget-text-editor\" data-id=\"09966ba\" data-element_type=\"widget\" data-e-type=\"widget\" data-widget_type=\"text-editor.default\">\n\t\t\t\t<div class=\"elementor-widget-container\">\n\t\t\t\t\t\t\t\t\t<p><span style=\"font-family: Helvetica; color: #000000; font-size: 14pt;\">Si vous cherchez \u00e0 nous joindre pour un <strong>don<\/strong>, du <strong>b\u00e9n\u00e9volat<\/strong> , un <strong>partenariat<\/strong> ou pour d&rsquo;autres <strong>questions<\/strong> : <\/span><\/p><p><span style=\"font-family: Helvetica; color: #000000; font-size: 14pt;\">Remplissez le <strong>formulaire<\/strong> , nous vous recontactons dans les plus brefs d\u00e9lais.<\/span><\/p>\t\t\t\t\t\t\t\t<\/div>\n\t\t\t\t<\/div>\n\t\t\t\t<\/div>\n\t\t<div class=\"elementor-element elementor-element-72b0d49 e-con-full e-flex e-con e-child\" data-id=\"72b0d49\" data-element_type=\"container\" data-e-type=\"container\">\n\t\t<div class=\"elementor-element elementor-element-c81602b e-con-full e-flex e-con e-child\" data-id=\"c81602b\" data-element_type=\"container\" data-e-type=\"container\">\n\t\t\t\t<div class=\"elementor-element elementor-element-1a83e51 elementor-view-default elementor-position-block-start elementor-mobile-position-block-start elementor-widget elementor-widget-icon-box\" data-id=\"1a83e51\" data-element_type=\"widget\" data-e-type=\"widget\" data-widget_type=\"icon-box.default\">\n\t\t\t\t<div class=\"elementor-widget-container\">\n\t\t\t\t\t\t\t<div class=\"elementor-icon-box-wrapper\">\n\n\t\t\t\t\t\t<div class=\"elementor-icon-box-icon\">\n\t\t\t\t<span  class=\"elementor-icon\">\n\t\t\t\t<svg xmlns=\"http:\/\/www.w3.org\/2000\/svg\" width=\"120px\" height=\"120px\" viewBox=\"0 0 24 24\"><g fill=\"none\"><path d=\"M24 0v24H0V0zM12.593 23.258l-.011.002-.071.035-.02.004-.014-.004-.071-.035c-.01-.004-.019-.001-.024.005l-.004.01-.017.428.005.02.01.013.104.074.015.004.012-.004.104-.074.012-.016.004-.017-.017-.427c-.002-.01-.009-.017-.017-.018m.265-.113-.013.002-.185.093-.01.01-.003.011.018.43.005.012.008.007.201.093c.012.004.023 0 .029-.008l.004-.014-.034-.614c-.003-.012-.01-.02-.02-.022m-.715.002a.023.023 0 0 0-.027.006l-.006.014-.034.614c0 .012.007.02.017.024l.015-.002.201-.093.01-.008.004-.011.017-.43-.003-.012-.01-.01z\"><\/path><path fill=\"#E55421FF\" d=\"M6.857 2.445C8 3.278 8.89 4.415 9.65 5.503l.442.644.417.615a1.504 1.504 0 0 1-.256 1.986l-1.951 1.449a.48.48 0 0 0-.142.616c.442.803 1.228 1.999 2.128 2.899.901.9 2.153 1.738 3.012 2.23a.483.483 0 0 0 .644-.162l1.27-1.933a1.503 1.503 0 0 1 2.056-.332l.663.459c1.239.86 2.57 1.837 3.588 3.14a1.47 1.47 0 0 1 .189 1.484c-.837 1.953-2.955 3.616-5.158 3.535l-.3-.017-.233-.02-.258-.03-.281-.038-.305-.05a11.66 11.66 0 0 1-.16-.03l-.336-.072a12.399 12.399 0 0 1-.176-.04l-.366-.094-.385-.11-.402-.13c-1.846-.626-4.189-1.856-6.593-4.26-2.403-2.403-3.633-4.746-4.259-6.592l-.13-.402-.11-.385-.094-.366-.078-.346a11.79 11.79 0 0 1-.063-.326l-.05-.305-.04-.281-.029-.258-.02-.233-.016-.3c-.081-2.196 1.6-4.329 3.544-5.162a1.47 1.47 0 0 1 1.445.159m8.135 3.595.116.013a3.5 3.5 0 0 1 2.858 2.96 1 1 0 0 1-1.958.393l-.023-.115a1.5 1.5 0 0 0-1.07-1.233l-.155-.035a1 1 0 0 1 .232-1.983M15 3a6 6 0 0 1 6 6 1 1 0 0 1-1.993.117L19 9a3.998 3.998 0 0 0-3.738-3.991L15 5a1 1 0 1 1 0-2\"><\/path><\/g><\/svg>\t\t\t\t<\/span>\n\t\t\t<\/div>\n\t\t\t\n\t\t\t\t\t\t<div class=\"elementor-icon-box-content\">\n\n\t\t\t\t\t\t\t\t\t<h2 class=\"elementor-icon-box-title\">\n\t\t\t\t\t\t<span  >\n\t\t\t\t\t\t\tT\u00e9l\u00e9phone\t\t\t\t\t\t<\/span>\n\t\t\t\t\t<\/h2>\n\t\t\t\t\n\t\t\t\t\t\t\t\t\t<p class=\"elementor-icon-box-description\">\n\t\t\t\t\t\t01 23 45 67 89\t\t\t\t\t<\/p>\n\t\t\t\t\n\t\t\t<\/div>\n\t\t\t\n\t\t<\/div>\n\t\t\t\t\t\t<\/div>\n\t\t\t\t<\/div>\n\t\t\t\t<\/div>\n\t\t<div class=\"elementor-element elementor-element-b18a483 e-con-full e-flex e-con e-child\" data-id=\"b18a483\" data-element_type=\"container\" data-e-type=\"container\">\n\t\t\t\t<div class=\"elementor-element elementor-element-284b3ee elementor-view-default elementor-position-block-start elementor-mobile-position-block-start elementor-widget elementor-widget-icon-box\" data-id=\"284b3ee\" data-element_type=\"widget\" data-e-type=\"widget\" data-widget_type=\"icon-box.default\">\n\t\t\t\t<div class=\"elementor-widget-container\">\n\t\t\t\t\t\t\t<div class=\"elementor-icon-box-wrapper\">\n\n\t\t\t\t\t\t<div class=\"elementor-icon-box-icon\">\n\t\t\t\t<span  class=\"elementor-icon\">\n\t\t\t\t<svg xmlns=\"http:\/\/www.w3.org\/2000\/svg\" width=\"120px\" height=\"120px\" viewBox=\"0 0 24 24\"><g fill=\"none\"><path d=\"M24 0v24H0V0zM12.593 23.258l-.011.002-.071.035-.02.004-.014-.004-.071-.035c-.01-.004-.019-.001-.024.005l-.004.01-.017.428.005.02.01.013.104.074.015.004.012-.004.104-.074.012-.016.004-.017-.017-.427c-.002-.01-.009-.017-.017-.018m.265-.113-.013.002-.185.093-.01.01-.003.011.018.43.005.012.008.007.201.093c.012.004.023 0 .029-.008l.004-.014-.034-.614c-.003-.012-.01-.02-.02-.022m-.715.002a.023.023 0 0 0-.027.006l-.006.014-.034.614c0 .012.007.02.017.024l.015-.002.201-.093.01-.008.004-.011.017-.43-.003-.012-.01-.01z\"><\/path><path fill=\"#E55421FF\" d=\"m2.068 5.482 8.875 8.876a1.5 1.5 0 0 0 2.008.103l.114-.103 8.869-8.87c.029.11.048.222.058.337L22 6v12a2 2 0 0 1-1.85 1.995L20 20H4a2 2 0 0 1-1.995-1.85L2 18V6c0-.12.01-.236.03-.35zM20 4c.121 0 .24.01.355.031l.17.039-8.52 8.52-8.523-8.522c.11-.03.224-.05.34-.06L4 4z\"><\/path><\/g><\/svg>\t\t\t\t<\/span>\n\t\t\t<\/div>\n\t\t\t\n\t\t\t\t\t\t<div class=\"elementor-icon-box-content\">\n\n\t\t\t\t\t\t\t\t\t<h3 class=\"elementor-icon-box-title\">\n\t\t\t\t\t\t<span  >\n\t\t\t\t\t\t\tE-mail\t\t\t\t\t\t<\/span>\n\t\t\t\t\t<\/h3>\n\t\t\t\t\n\t\t\t\t\t\t\t\t\t<p class=\"elementor-icon-box-description\">\n\t\t\t\t\t\tLyon@emmaus-lyon-dev.org \t\t\t\t\t<\/p>\n\t\t\t\t\n\t\t\t<\/div>\n\t\t\t\n\t\t<\/div>\n\t\t\t\t\t\t<\/div>\n\t\t\t\t<\/div>\n\t\t\t\t<\/div>\n\t\t\t\t<\/div>\n\t\t\t\t<\/div>\n\t\t\t\t\t<\/div>\n\t\t\t\t<\/div>\n\t\t\t\t<\/div>\n\t\t","protected":false},"excerpt":{"rendered":"<p>contactez nous PRENEZ CONTACT AVEC EMMA\u00dcS\u00a0LYON Si vous cherchez \u00e0 nous joindre pour un don, du b\u00e9n\u00e9volat , un partenariat ou pour d&rsquo;autres questions : Remplissez le formulaire , nous vous recontactons dans les plus brefs d\u00e9lais. T\u00e9l\u00e9phone 01 23 45 67 89 E-mail Lyon@emmaus-lyon-dev.org<\/p>\n","protected":false},"author":2,"featured_media":0,"parent":0,"menu_order":0,"comment_status":"closed","ping_status":"closed","template":"","meta":{"footnotes":""},"class_list":["post-3101","page","type-page","status-publish","hentry"],"aioseo_notices":[],"_links":{"self":[{"href":"https:\/\/emmaus-lyon.org\/index.php?rest_route=\/wp\/v2\/pages\/3101","targetHints":{"allow":["GET"]}}],"collection":[{"href":"https:\/\/emmaus-lyon.org\/index.php?rest_route=\/wp\/v2\/pages"}],"about":[{"href":"https:\/\/emmaus-lyon.org\/index.php?rest_route=\/wp\/v2\/types\/page"}],"author":[{"embeddable":true,"href":"https:\/\/emmaus-lyon.org\/index.php?rest_route=\/wp\/v2\/users\/2"}],"replies":[{"embeddable":true,"href":"https:\/\/emmaus-lyon.org\/index.php?rest_route=%2Fwp%2Fv2%2Fcomments&post=3101"}],"version-history":[{"count":142,"href":"https:\/\/emmaus-lyon.org\/index.php?rest_route=\/wp\/v2\/pages\/3101\/revisions"}],"predecessor-version":[{"id":14172,"href":"https:\/\/emmaus-lyon.org\/index.php?rest_route=\/wp\/v2\/pages\/3101\/revisions\/14172"}],"wp:attachment":[{"href":"https:\/\/emmaus-lyon.org\/index.php?rest_route=%2Fwp%2Fv2%2Fmedia&parent=3101"}],"curies":[{"name":"wp","href":"https:\/\/api.w.org\/{rel}","templated":true}]}}