{"id":1616,"date":"2025-01-09T08:20:24","date_gmt":"2025-01-09T08:20:24","guid":{"rendered":"https:\/\/emmaus-lyon-dev.org\/?page_id=1616"},"modified":"2025-12-06T09:58:59","modified_gmt":"2025-12-06T09:58:59","slug":"articles-et-actualites","status":"publish","type":"page","link":"https:\/\/emmaus-lyon.org\/?page_id=1616","title":{"rendered":"Nos actualit\u00e9s"},"content":{"rendered":"\t\t<div data-elementor-type=\"wp-page\" data-elementor-id=\"1616\" class=\"elementor elementor-1616\" data-elementor-post-type=\"page\">\n\t\t\t\t<div class=\"elementor-element elementor-element-33f3610 e-flex e-con-boxed e-con e-parent\" data-id=\"33f3610\" data-element_type=\"container\" data-e-type=\"container\" data-settings=\"{&quot;background_background&quot;:&quot;classic&quot;}\">\n\t\t\t\t\t<div class=\"e-con-inner\">\n\t\t\t\t<div class=\"elementor-element elementor-element-0a90889 elementor-widget__width-initial elementor-widget elementor-widget-heading\" data-id=\"0a90889\" data-element_type=\"widget\" data-e-type=\"widget\" data-widget_type=\"heading.default\">\n\t\t\t\t<div class=\"elementor-widget-container\">\n\t\t\t\t\t<h1 class=\"elementor-heading-title elementor-size-default\">nos actualit\u00e9s<\/h1>\t\t\t\t<\/div>\n\t\t\t\t<\/div>\n\t\t\t\t\t<\/div>\n\t\t\t\t<\/div>\n\t\t<div class=\"elementor-element elementor-element-ad7db2b e-flex e-con-boxed e-con e-parent\" data-id=\"ad7db2b\" data-element_type=\"container\" data-e-type=\"container\">\n\t\t\t\t\t<div class=\"e-con-inner\">\n\t\t\t\t<div class=\"elementor-element elementor-element-40d3b9e elementor-grid-3 elementor-grid-tablet-2 elementor-grid-mobile-1 elementor-posts--thumbnail-top elementor-card-shadow-yes elementor-posts__hover-gradient elementor-widget elementor-widget-posts\" data-id=\"40d3b9e\" data-element_type=\"widget\" data-e-type=\"widget\" data-settings=\"{&quot;pagination_type&quot;:&quot;numbers&quot;,&quot;cards_row_gap&quot;:{&quot;unit&quot;:&quot;px&quot;,&quot;size&quot;:34,&quot;sizes&quot;:[]},&quot;cards_columns&quot;:&quot;3&quot;,&quot;cards_columns_tablet&quot;:&quot;2&quot;,&quot;cards_columns_mobile&quot;:&quot;1&quot;,&quot;cards_row_gap_tablet&quot;:{&quot;unit&quot;:&quot;px&quot;,&quot;size&quot;:&quot;&quot;,&quot;sizes&quot;:[]},&quot;cards_row_gap_mobile&quot;:{&quot;unit&quot;:&quot;px&quot;,&quot;size&quot;:&quot;&quot;,&quot;sizes&quot;:[]}}\" data-widget_type=\"posts.cards\">\n\t\t\t\t<div class=\"elementor-widget-container\">\n\t\t\t\t\t\t\t<div class=\"elementor-posts-container elementor-posts elementor-posts--skin-cards elementor-grid\" role=\"list\">\n\t\t\t\t<article class=\"elementor-post elementor-grid-item post-16499 post type-post status-publish format-standard has-post-thumbnail hentry category-uncategorized\" role=\"listitem\">\n\t\t\t<div class=\"elementor-post__card\">\n\t\t\t\t<a class=\"elementor-post__thumbnail__link\" href=\"https:\/\/emmaus-lyon.org\/?p=16499\" tabindex=\"-1\" ><div class=\"elementor-post__thumbnail\"><img fetchpriority=\"high\" decoding=\"async\" width=\"452\" height=\"645\" src=\"https:\/\/emmaus-lyon.org\/wp-content\/uploads\/2026\/05\/Design-sans-titre-e1778316682704.jpg\" class=\"attachment-full size-full wp-image-16513\" alt=\"\" \/><\/div><\/a>\n\t\t\t\t<div class=\"elementor-post__text\">\n\t\t\t\t<h3 class=\"elementor-post__title\">\n\t\t\t<a href=\"https:\/\/emmaus-lyon.org\/?p=16499\" >\n\t\t\t\tFESTIVAL DE l\u2019INSA\t\t\t<\/a>\n\t\t<\/h3>\n\t\t\t\t<div class=\"elementor-post__excerpt\">\n\t\t\t<p>Nous vous invitons \u00e0 venir d\u00e9couvrir notre stand tout au long de la journ\u00e9e. Vous y trouverez une s\u00e9lection de<\/p>\n\t\t<\/div>\n\t\t\t\t\t<div class=\"elementor-post__read-more-wrapper\">\n\t\t\n\t\t<a class=\"elementor-post__read-more\" href=\"https:\/\/emmaus-lyon.org\/?p=16499\" aria-label=\"En savoir plus sur FESTIVAL DE l\u2019INSA\" tabindex=\"-1\" >\n\t\t\tLire la suite \u00bb\t\t<\/a>\n\n\t\t\t\t\t<\/div>\n\t\t\t\t<\/div>\n\t\t\t\t\t<\/div>\n\t\t<\/article>\n\t\t\t\t<article class=\"elementor-post elementor-grid-item post-16243 post type-post status-publish format-standard has-post-thumbnail hentry category-uncategorized\" role=\"listitem\">\n\t\t\t<div class=\"elementor-post__card\">\n\t\t\t\t<a class=\"elementor-post__thumbnail__link\" href=\"https:\/\/emmaus-lyon.org\/?p=16243\" tabindex=\"-1\" ><div class=\"elementor-post__thumbnail\"><img decoding=\"async\" width=\"2560\" height=\"1920\" src=\"https:\/\/emmaus-lyon.org\/wp-content\/uploads\/2025\/10\/20250829_114938-scaled.jpg\" class=\"attachment-full size-full wp-image-12551\" alt=\"\" srcset=\"https:\/\/emmaus-lyon.org\/wp-content\/uploads\/2025\/10\/20250829_114938-scaled.jpg 2560w, https:\/\/emmaus-lyon.org\/wp-content\/uploads\/2025\/10\/20250829_114938-300x225.jpg 300w, https:\/\/emmaus-lyon.org\/wp-content\/uploads\/2025\/10\/20250829_114938-1024x768.jpg 1024w, https:\/\/emmaus-lyon.org\/wp-content\/uploads\/2025\/10\/20250829_114938-768x576.jpg 768w, https:\/\/emmaus-lyon.org\/wp-content\/uploads\/2025\/10\/20250829_114938-1536x1152.jpg 1536w, https:\/\/emmaus-lyon.org\/wp-content\/uploads\/2025\/10\/20250829_114938-2048x1536.jpg 2048w\" sizes=\"(max-width: 2560px) 100vw, 2560px\" \/><\/div><\/a>\n\t\t\t\t<div class=\"elementor-post__text\">\n\t\t\t\t<h3 class=\"elementor-post__title\">\n\t\t\t<a href=\"https:\/\/emmaus-lyon.org\/?p=16243\" >\n\t\t\t\tLe Petit Bulletin Lyon.\t\t\t<\/a>\n\t\t<\/h3>\n\t\t\t\t<div class=\"elementor-post__excerpt\">\n\t\t\t<p>La presse qui a publi\u00e9 cet article sur Emma\u00fcs Lyon est Le Petit Bulletin Lyon. https:\/\/www.petit-bulletin.fr\/article-80211-pour-emmaus-les-vetements-sont-de-plus-en-plus-difficiles-a-recycler.html<\/p>\n\t\t<\/div>\n\t\t\t\t\t<div class=\"elementor-post__read-more-wrapper\">\n\t\t\n\t\t<a class=\"elementor-post__read-more\" href=\"https:\/\/emmaus-lyon.org\/?p=16243\" aria-label=\"En savoir plus sur Le Petit Bulletin Lyon.\" tabindex=\"-1\" >\n\t\t\tLire la suite \u00bb\t\t<\/a>\n\n\t\t\t\t\t<\/div>\n\t\t\t\t<\/div>\n\t\t\t\t\t<\/div>\n\t\t<\/article>\n\t\t\t\t<article class=\"elementor-post elementor-grid-item post-15732 post type-post status-publish format-standard has-post-thumbnail hentry category-uncategorized\" role=\"listitem\">\n\t\t\t<div class=\"elementor-post__card\">\n\t\t\t\t<a class=\"elementor-post__thumbnail__link\" href=\"https:\/\/emmaus-lyon.org\/?p=15732\" tabindex=\"-1\" ><div class=\"elementor-post__thumbnail\"><img decoding=\"async\" width=\"1080\" height=\"1080\" src=\"https:\/\/emmaus-lyon.org\/wp-content\/uploads\/2025\/10\/40.jpg\" class=\"attachment-full size-full wp-image-15733\" alt=\"\" srcset=\"https:\/\/emmaus-lyon.org\/wp-content\/uploads\/2025\/10\/40.jpg 1080w, https:\/\/emmaus-lyon.org\/wp-content\/uploads\/2025\/10\/40-300x300.jpg 300w, https:\/\/emmaus-lyon.org\/wp-content\/uploads\/2025\/10\/40-1024x1024.jpg 1024w, https:\/\/emmaus-lyon.org\/wp-content\/uploads\/2025\/10\/40-150x150.jpg 150w, https:\/\/emmaus-lyon.org\/wp-content\/uploads\/2025\/10\/40-768x768.jpg 768w\" sizes=\"(max-width: 1080px) 100vw, 1080px\" \/><\/div><\/a>\n\t\t\t\t<div class=\"elementor-post__text\">\n\t\t\t\t<h3 class=\"elementor-post__title\">\n\t\t\t<a href=\"https:\/\/emmaus-lyon.org\/?p=15732\" >\n\t\t\t\tVente sp\u00e9ciale d\u00e9corations de No\u00ebl\t\t\t<\/a>\n\t\t<\/h3>\n\t\t\t\t<div class=\"elementor-post__excerpt\">\n\t\t\t<p>Les f\u00eates approchent ! Rendez-vous \u00e0 Emma\u00fcs Lyon \u2013 Parilly (V\u00e9nissieux) le vendredi 21 novembre et le samedi 22 novembre<\/p>\n\t\t<\/div>\n\t\t\t\t\t<div class=\"elementor-post__read-more-wrapper\">\n\t\t\n\t\t<a class=\"elementor-post__read-more\" href=\"https:\/\/emmaus-lyon.org\/?p=15732\" aria-label=\"En savoir plus sur Vente sp\u00e9ciale d\u00e9corations de No\u00ebl\" tabindex=\"-1\" >\n\t\t\tLire la suite \u00bb\t\t<\/a>\n\n\t\t\t\t\t<\/div>\n\t\t\t\t<\/div>\n\t\t\t\t\t<\/div>\n\t\t<\/article>\n\t\t\t\t<article class=\"elementor-post elementor-grid-item post-15736 post type-post status-publish format-standard has-post-thumbnail hentry category-uncategorized\" role=\"listitem\">\n\t\t\t<div class=\"elementor-post__card\">\n\t\t\t\t<a class=\"elementor-post__thumbnail__link\" href=\"https:\/\/emmaus-lyon.org\/?p=15736\" tabindex=\"-1\" ><div class=\"elementor-post__thumbnail\"><img loading=\"lazy\" decoding=\"async\" width=\"1080\" height=\"1080\" src=\"https:\/\/emmaus-lyon.org\/wp-content\/uploads\/2025\/10\/42.jpg\" class=\"attachment-full size-full wp-image-15734\" alt=\"\" srcset=\"https:\/\/emmaus-lyon.org\/wp-content\/uploads\/2025\/10\/42.jpg 1080w, https:\/\/emmaus-lyon.org\/wp-content\/uploads\/2025\/10\/42-300x300.jpg 300w, https:\/\/emmaus-lyon.org\/wp-content\/uploads\/2025\/10\/42-1024x1024.jpg 1024w, https:\/\/emmaus-lyon.org\/wp-content\/uploads\/2025\/10\/42-150x150.jpg 150w, https:\/\/emmaus-lyon.org\/wp-content\/uploads\/2025\/10\/42-768x768.jpg 768w\" sizes=\"(max-width: 1080px) 100vw, 1080px\" \/><\/div><\/a>\n\t\t\t\t<div class=\"elementor-post__text\">\n\t\t\t\t<h3 class=\"elementor-post__title\">\n\t\t\t<a href=\"https:\/\/emmaus-lyon.org\/?p=15736\" >\n\t\t\t\tVente sp\u00e9ciale Jeux et Jouets de No\u00ebl\t\t\t<\/a>\n\t\t<\/h3>\n\t\t\t\t<div class=\"elementor-post__excerpt\">\n\t\t\t<p>\u00c0 l\u2019approche des f\u00eates, venez d\u00e9nicher de v\u00e9ritables tr\u00e9sors pour petits et grands lors de notre vente sp\u00e9ciale Jeux et<\/p>\n\t\t<\/div>\n\t\t\t\t\t<div class=\"elementor-post__read-more-wrapper\">\n\t\t\n\t\t<a class=\"elementor-post__read-more\" href=\"https:\/\/emmaus-lyon.org\/?p=15736\" aria-label=\"En savoir plus sur Vente sp\u00e9ciale Jeux et Jouets de No\u00ebl\" tabindex=\"-1\" >\n\t\t\tLire la suite \u00bb\t\t<\/a>\n\n\t\t\t\t\t<\/div>\n\t\t\t\t<\/div>\n\t\t\t\t\t<\/div>\n\t\t<\/article>\n\t\t\t\t<article class=\"elementor-post elementor-grid-item post-12197 post type-post status-publish format-standard has-post-thumbnail hentry category-uncategorized\" role=\"listitem\">\n\t\t\t<div class=\"elementor-post__card\">\n\t\t\t\t<a class=\"elementor-post__thumbnail__link\" href=\"https:\/\/emmaus-lyon.org\/?p=12197\" tabindex=\"-1\" ><div class=\"elementor-post__thumbnail\"><img loading=\"lazy\" decoding=\"async\" width=\"1080\" height=\"1080\" src=\"https:\/\/emmaus-lyon.org\/wp-content\/uploads\/2025\/10\/marche-de-la-mode-vintage.jpg\" class=\"attachment-full size-full wp-image-12249\" alt=\"\" srcset=\"https:\/\/emmaus-lyon.org\/wp-content\/uploads\/2025\/10\/marche-de-la-mode-vintage.jpg 1080w, https:\/\/emmaus-lyon.org\/wp-content\/uploads\/2025\/10\/marche-de-la-mode-vintage-300x300.jpg 300w, https:\/\/emmaus-lyon.org\/wp-content\/uploads\/2025\/10\/marche-de-la-mode-vintage-1024x1024.jpg 1024w, https:\/\/emmaus-lyon.org\/wp-content\/uploads\/2025\/10\/marche-de-la-mode-vintage-150x150.jpg 150w, https:\/\/emmaus-lyon.org\/wp-content\/uploads\/2025\/10\/marche-de-la-mode-vintage-768x768.jpg 768w\" sizes=\"(max-width: 1080px) 100vw, 1080px\" \/><\/div><\/a>\n\t\t\t\t<div class=\"elementor-post__text\">\n\t\t\t\t<h3 class=\"elementor-post__title\">\n\t\t\t<a href=\"https:\/\/emmaus-lyon.org\/?p=12197\" >\n\t\t\t\tMarch\u00e9 De la mode vintage\t\t\t<\/a>\n\t\t<\/h3>\n\t\t\t\t<div class=\"elementor-post__excerpt\">\n\t\t\t<p>Emma\u00fcs Lyon sera pr\u00e9sent au March\u00e9 de la Mode Vintage 2025 ! On vous attend nombreux ! Le 11 et<\/p>\n\t\t<\/div>\n\t\t\t\t\t<div class=\"elementor-post__read-more-wrapper\">\n\t\t\n\t\t<a class=\"elementor-post__read-more\" href=\"https:\/\/emmaus-lyon.org\/?p=12197\" aria-label=\"En savoir plus sur March\u00e9 De la mode vintage\" tabindex=\"-1\" >\n\t\t\tLire la suite \u00bb\t\t<\/a>\n\n\t\t\t\t\t<\/div>\n\t\t\t\t<\/div>\n\t\t\t\t\t<\/div>\n\t\t<\/article>\n\t\t\t\t<article class=\"elementor-post elementor-grid-item post-2027 post type-post status-publish format-standard has-post-thumbnail hentry category-articles\" role=\"listitem\">\n\t\t\t<div class=\"elementor-post__card\">\n\t\t\t\t<a class=\"elementor-post__thumbnail__link\" href=\"https:\/\/emmaus-lyon.org\/?p=2027\" tabindex=\"-1\" ><div class=\"elementor-post__thumbnail\"><img loading=\"lazy\" decoding=\"async\" width=\"1403\" height=\"1393\" src=\"https:\/\/emmaus-lyon.org\/wp-content\/uploads\/2025\/01\/ventes-speciales-A3-4-e1754470995979.png\" class=\"attachment-full size-full wp-image-9984\" alt=\"\" srcset=\"https:\/\/emmaus-lyon.org\/wp-content\/uploads\/2025\/01\/ventes-speciales-A3-4-e1754470995979.png 1403w, https:\/\/emmaus-lyon.org\/wp-content\/uploads\/2025\/01\/ventes-speciales-A3-4-e1754470995979-300x298.png 300w, https:\/\/emmaus-lyon.org\/wp-content\/uploads\/2025\/01\/ventes-speciales-A3-4-e1754470995979-1024x1017.png 1024w, https:\/\/emmaus-lyon.org\/wp-content\/uploads\/2025\/01\/ventes-speciales-A3-4-e1754470995979-150x150.png 150w, https:\/\/emmaus-lyon.org\/wp-content\/uploads\/2025\/01\/ventes-speciales-A3-4-e1754470995979-768x763.png 768w\" sizes=\"(max-width: 1403px) 100vw, 1403px\" \/><\/div><\/a>\n\t\t\t\t<div class=\"elementor-post__text\">\n\t\t\t\t<h3 class=\"elementor-post__title\">\n\t\t\t<a href=\"https:\/\/emmaus-lyon.org\/?p=2027\" >\n\t\t\t\tNos ventes sp\u00e9ciales \u00e9tudiants\t\t\t<\/a>\n\t\t<\/h3>\n\t\t\t\t<div class=\"elementor-post__excerpt\">\n\t\t\t<p>Emma\u00fcs Lyon organise une vente sp\u00e9ciale pour les\u00a0 \u00e9tudiants de moins de 25 ans, avec une remise exceptionnelle de 50%<\/p>\n\t\t<\/div>\n\t\t\t\t\t<div class=\"elementor-post__read-more-wrapper\">\n\t\t\n\t\t<a class=\"elementor-post__read-more\" href=\"https:\/\/emmaus-lyon.org\/?p=2027\" aria-label=\"En savoir plus sur Nos ventes sp\u00e9ciales \u00e9tudiants\" tabindex=\"-1\" >\n\t\t\tLire la suite \u00bb\t\t<\/a>\n\n\t\t\t\t\t<\/div>\n\t\t\t\t<\/div>\n\t\t\t\t\t<\/div>\n\t\t<\/article>\n\t\t\t\t<\/div>\n\t\t\n\t\t\t\t<div class=\"e-load-more-anchor\" data-page=\"1\" data-max-page=\"2\" data-next-page=\"https:\/\/emmaus-lyon.org\/index.php?rest_route=%2Fwp%2Fv2%2Fpages%2F1616&#038;paged=2\"><\/div>\n\t\t\t\t<nav class=\"elementor-pagination\" aria-label=\"Pagination\">\n\t\t\t<span aria-current=\"page\" class=\"page-numbers current\"><span class=\"elementor-screen-only\">Page<\/span>1<\/span>\n<a class=\"page-numbers\" href=\"https:\/\/emmaus-lyon.org\/index.php\/?paged=2\"><span class=\"elementor-screen-only\">Page<\/span>2<\/a>\t\t<\/nav>\n\t\t\t\t\t\t<\/div>\n\t\t\t\t<\/div>\n\t\t\t\t\t<\/div>\n\t\t\t\t<\/div>\n\t\t\t\t<\/div>\n\t\t","protected":false},"excerpt":{"rendered":"<p>nos actualit\u00e9s<\/p>\n","protected":false},"author":2,"featured_media":0,"parent":0,"menu_order":0,"comment_status":"closed","ping_status":"closed","template":"","meta":{"footnotes":""},"class_list":["post-1616","page","type-page","status-publish","hentry"],"aioseo_notices":[],"_links":{"self":[{"href":"https:\/\/emmaus-lyon.org\/index.php?rest_route=\/wp\/v2\/pages\/1616","targetHints":{"allow":["GET"]}}],"collection":[{"href":"https:\/\/emmaus-lyon.org\/index.php?rest_route=\/wp\/v2\/pages"}],"about":[{"href":"https:\/\/emmaus-lyon.org\/index.php?rest_route=\/wp\/v2\/types\/page"}],"author":[{"embeddable":true,"href":"https:\/\/emmaus-lyon.org\/index.php?rest_route=\/wp\/v2\/users\/2"}],"replies":[{"embeddable":true,"href":"https:\/\/emmaus-lyon.org\/index.php?rest_route=%2Fwp%2Fv2%2Fcomments&post=1616"}],"version-history":[{"count":160,"href":"https:\/\/emmaus-lyon.org\/index.php?rest_route=\/wp\/v2\/pages\/1616\/revisions"}],"predecessor-version":[{"id":16358,"href":"https:\/\/emmaus-lyon.org\/index.php?rest_route=\/wp\/v2\/pages\/1616\/revisions\/16358"}],"wp:attachment":[{"href":"https:\/\/emmaus-lyon.org\/index.php?rest_route=%2Fwp%2Fv2%2Fmedia&parent=1616"}],"curies":[{"name":"wp","href":"https:\/\/api.w.org\/{rel}","templated":true}]}}