{"id":125,"date":"2024-11-20T10:17:32","date_gmt":"2024-11-20T10:17:32","guid":{"rendered":"https:\/\/emmaus-lyon-dev.org\/?page_id=125"},"modified":"2025-12-06T08:12:05","modified_gmt":"2025-12-06T08:12:05","slug":"nos-actions","status":"publish","type":"page","link":"https:\/\/emmaus-lyon.org\/?page_id=125","title":{"rendered":"Nos actions"},"content":{"rendered":"\t\t<div data-elementor-type=\"wp-page\" data-elementor-id=\"125\" class=\"elementor elementor-125\" data-elementor-post-type=\"page\">\n\t\t\t\t<div class=\"elementor-element elementor-element-060612a e-flex e-con-boxed e-con e-parent\" data-id=\"060612a\" data-element_type=\"container\" data-e-type=\"container\" data-settings=\"{&quot;background_background&quot;:&quot;classic&quot;}\">\n\t\t\t\t\t<div class=\"e-con-inner\">\n\t\t\t\t<div class=\"elementor-element elementor-element-6bee497 elementor-widget__width-initial elementor-widget elementor-widget-heading\" data-id=\"6bee497\" data-element_type=\"widget\" data-e-type=\"widget\" data-widget_type=\"heading.default\">\n\t\t\t\t<div class=\"elementor-widget-container\">\n\t\t\t\t\t<h1 class=\"elementor-heading-title elementor-size-default\">Nos actions<\/h1>\t\t\t\t<\/div>\n\t\t\t\t<\/div>\n\t\t\t\t\t<\/div>\n\t\t\t\t<\/div>\n\t\t<div class=\"elementor-element elementor-element-19f0831 e-con-full e-flex e-con e-child\" data-id=\"19f0831\" data-element_type=\"container\" data-e-type=\"container\">\n\t\t<div class=\"elementor-element elementor-element-a0c8fac e-con-full e-flex e-con e-child\" data-id=\"a0c8fac\" data-element_type=\"container\" data-e-type=\"container\">\n\t\t\t\t<div class=\"elementor-element elementor-element-f5e59b7 elementor-widget elementor-widget-heading\" data-id=\"f5e59b7\" data-element_type=\"widget\" data-e-type=\"widget\" data-widget_type=\"heading.default\">\n\t\t\t\t<div class=\"elementor-widget-container\">\n\t\t\t\t\t<h1 class=\"elementor-heading-title elementor-size-default\">La Solidarit\u00e9 a lieu \u00e0 tous les niveaux.\n<\/h1>\t\t\t\t<\/div>\n\t\t\t\t<\/div>\n\t\t\t\t<\/div>\n\t\t<div class=\"elementor-element elementor-element-fcfaa78 e-con-full e-flex e-con e-child\" data-id=\"fcfaa78\" data-element_type=\"container\" data-e-type=\"container\">\n\t\t\t\t<div class=\"elementor-element elementor-element-4f7ea81 elementor-widget elementor-widget-text-editor\" data-id=\"4f7ea81\" data-element_type=\"widget\" data-e-type=\"widget\" data-widget_type=\"text-editor.default\">\n\t\t\t\t<div class=\"elementor-widget-container\">\n\t\t\t\t\t\t\t\t\t<p>\u00a0<\/p><h3><span style=\"font-family: Helvetica; font-size: 14pt; color: #000000;\">Dans une soci\u00e9t\u00e9 d\u00e9sormais largement domin\u00e9e par les lois\u00a0 du march\u00e9 fond\u00e9es autour du triptyque : profit, individualisme et consum\u00e9risme, les valeurs qui animent le Mouvement sont avant tout humanistes et solidaire. Elles s&rsquo;appuient sur trois principaux leviers<br \/><\/span><\/h3>\t\t\t\t\t\t\t\t<\/div>\n\t\t\t\t<\/div>\n\t\t\t\t<\/div>\n\t\t\t\t<\/div>\n\t\t<div class=\"elementor-element elementor-element-e5c6fc4 e-con-full e-flex e-con e-parent\" data-id=\"e5c6fc4\" data-element_type=\"container\" data-e-type=\"container\" data-settings=\"{&quot;background_background&quot;:&quot;classic&quot;}\">\n\t\t\t\t<div class=\"elementor-element elementor-element-da4eb44 elementor-widget__width-initial elementor-widget elementor-widget-heading\" data-id=\"da4eb44\" data-element_type=\"widget\" data-e-type=\"widget\" data-widget_type=\"heading.default\">\n\t\t\t\t<div class=\"elementor-widget-container\">\n\t\t\t\t\t<h2 class=\"elementor-heading-title elementor-size-default\">Au niveau local<\/h2>\t\t\t\t<\/div>\n\t\t\t\t<\/div>\n\t\t\t\t<\/div>\n\t\t<div class=\"elementor-element elementor-element-df2ecf8 e-con-full e-flex e-con e-child\" data-id=\"df2ecf8\" data-element_type=\"container\" data-e-type=\"container\">\n\t\t<div class=\"elementor-element elementor-element-e023237 e-con-full e-flex e-con e-child\" data-id=\"e023237\" data-element_type=\"container\" data-e-type=\"container\">\n\t\t\t\t<div class=\"elementor-element elementor-element-b19c1ac elementor-widget elementor-widget-text-editor\" data-id=\"b19c1ac\" data-element_type=\"widget\" data-e-type=\"widget\" data-widget_type=\"text-editor.default\">\n\t\t\t\t<div class=\"elementor-widget-container\">\n\t\t\t\t\t\t\t\t\t<p>La Commission Solidarit\u00e9 permet aux personnes et familles en situation de grande pr\u00e9carit\u00e9 d\u2019obtenir, par l\u2019entremise de leurs services sociaux, des biens de premi\u00e8re n\u00e9cessit\u00e9.<\/p><p>SOS familles accompagne des familles endett\u00e9es pour r\u00e9examiner leurs dettes avec les cr\u00e9anciers et \u00e9taler leurs dettes sur un d\u00e9lais de deux ans.<\/p><p>Ponctuellement, la Communaut\u00e9 Emma\u00fcs Lyon soutient d\u2019autres associations dans leur mission \u00e0 travers le don d\u2019\u00e9quipement. Par ailleurs, nous venons aussi en aide \u00e0 des personnes en situation de pr\u00e9carit\u00e9 en leur apportant une aide vestimentaire.<\/p>\t\t\t\t\t\t\t\t<\/div>\n\t\t\t\t<\/div>\n\t\t\t\t<\/div>\n\t\t\t\t<\/div>\n\t\t<div class=\"elementor-element elementor-element-0b94b08 e-con-full e-flex e-con e-parent\" data-id=\"0b94b08\" data-element_type=\"container\" data-e-type=\"container\" data-settings=\"{&quot;background_background&quot;:&quot;classic&quot;}\">\n\t\t\t\t<div class=\"elementor-element elementor-element-5f82840 elementor-widget__width-initial elementor-widget elementor-widget-heading\" data-id=\"5f82840\" data-element_type=\"widget\" data-e-type=\"widget\" data-widget_type=\"heading.default\">\n\t\t\t\t<div class=\"elementor-widget-container\">\n\t\t\t\t\t<h2 class=\"elementor-heading-title elementor-size-default\">        Au niveau national<\/h2>\t\t\t\t<\/div>\n\t\t\t\t<\/div>\n\t\t\t\t<\/div>\n\t\t<div class=\"elementor-element elementor-element-2eefc3f e-con-full e-flex e-con e-child\" data-id=\"2eefc3f\" data-element_type=\"container\" data-e-type=\"container\">\n\t\t<div class=\"elementor-element elementor-element-f04a06f e-con-full e-flex e-con e-child\" data-id=\"f04a06f\" data-element_type=\"container\" data-e-type=\"container\">\n\t\t\t\t<div class=\"elementor-element elementor-element-c0cad21 elementor-widget elementor-widget-text-editor\" data-id=\"c0cad21\" data-element_type=\"widget\" data-e-type=\"widget\" data-widget_type=\"text-editor.default\">\n\t\t\t\t<div class=\"elementor-widget-container\">\n\t\t\t\t\t\t\t\t\t<p><span style=\"font-family: Helvetica; font-size: 14pt;\">Entraide entre les communaut\u00e9s Emma\u00fcs de France<\/span><br \/><span style=\"font-size: 14pt; font-family: Helvetica;\">Cette solidarit\u00e9 se concentre sur une aide ponctuelle et\u00a0 mat\u00e9rielle des communaut\u00e9s les plus stables \u00e9conomiquement, en direction des\u00a0 autres communaut\u00e9s d\u2019Emma\u00fcs m\u00e9tropolitaines en grande difficult\u00e9 financi\u00e8re.<\/span><\/p>\t\t\t\t\t\t\t\t<\/div>\n\t\t\t\t<\/div>\n\t\t\t\t<\/div>\n\t\t\t\t<\/div>\n\t\t<div class=\"elementor-element elementor-element-df8e3e6 e-con-full e-flex e-con e-parent\" data-id=\"df8e3e6\" data-element_type=\"container\" data-e-type=\"container\" data-settings=\"{&quot;background_background&quot;:&quot;classic&quot;}\">\n\t\t\t\t<div class=\"elementor-element elementor-element-b8e94a8 elementor-widget__width-initial elementor-widget elementor-widget-heading\" data-id=\"b8e94a8\" data-element_type=\"widget\" data-e-type=\"widget\" data-widget_type=\"heading.default\">\n\t\t\t\t<div class=\"elementor-widget-container\">\n\t\t\t\t\t<h2 class=\"elementor-heading-title elementor-size-default\">        Au niveau international<\/h2>\t\t\t\t<\/div>\n\t\t\t\t<\/div>\n\t\t\t\t<\/div>\n\t\t<div class=\"elementor-element elementor-element-afe4b6e e-con-full e-flex e-con e-child\" data-id=\"afe4b6e\" data-element_type=\"container\" data-e-type=\"container\">\n\t\t<div class=\"elementor-element elementor-element-03ee878 e-con-full e-flex e-con e-child\" data-id=\"03ee878\" data-element_type=\"container\" data-e-type=\"container\">\n\t\t\t\t<div class=\"elementor-element elementor-element-e3872cf elementor-widget elementor-widget-text-editor\" data-id=\"e3872cf\" data-element_type=\"widget\" data-e-type=\"widget\" data-widget_type=\"text-editor.default\">\n\t\t\t\t<div class=\"elementor-widget-container\">\n\t\t\t\t\t\t\t\t\t<p>\u00a0<\/p><p><span style=\"font-family: Helvetica; font-size: 14pt;\">Par un soutien financier r\u00e9gulier aupr\u00e8s d\u2019Emma\u00fcs\u00a0 International et d\u2019Emma\u00fcs Europe, afin de leur permettre non seulement d\u2019agir, mais\u00a0 aussi d\u2019interpeller et de soutenir des communaut\u00e9s dans le monde entier. Par un\u00a0 soutien direct, financier et mat\u00e9riel, aupr\u00e8s des nouvelles communaut\u00e9s qui se\u00a0 cr\u00e9ent \u00e0 travers l\u2019Europe et le monde.\u00a0<\/span><\/p><p><span style=\"font-size: 14pt; font-family: Helvetica;\">A travers ces actions internationales, nous permettons l\u2019ouverture de nos\u00a0 communaut\u00e9s sur d\u2019autres pays, d\u2019autres cultures, proposant des r\u00e9ponses concr\u00e8tes aux grands enjeux de la mondialisation.\u00a0<\/span><\/p><p><span style=\"font-family: Helvetica; font-size: 14pt;\">Plus d\u2019informations : emmaus-international.org<\/span><\/p>\t\t\t\t\t\t\t\t<\/div>\n\t\t\t\t<\/div>\n\t\t\t\t<\/div>\n\t\t\t\t<\/div>\n\t\t\t\t<\/div>\n\t\t","protected":false},"excerpt":{"rendered":"<p>Nos actions La Solidarit\u00e9 a lieu \u00e0 tous les niveaux. \u00a0 Dans une soci\u00e9t\u00e9 d\u00e9sormais largement domin\u00e9e par les lois\u00a0 du march\u00e9 fond\u00e9es autour du triptyque : profit, individualisme et consum\u00e9risme, les valeurs qui animent le Mouvement sont avant tout humanistes et solidaire. Elles s&rsquo;appuient sur trois principaux leviers Au niveau local La Commission Solidarit\u00e9 [&hellip;]<\/p>\n","protected":false},"author":2,"featured_media":0,"parent":0,"menu_order":0,"comment_status":"closed","ping_status":"closed","template":"","meta":{"footnotes":""},"class_list":["post-125","page","type-page","status-publish","hentry"],"aioseo_notices":[],"_links":{"self":[{"href":"https:\/\/emmaus-lyon.org\/index.php?rest_route=\/wp\/v2\/pages\/125","targetHints":{"allow":["GET"]}}],"collection":[{"href":"https:\/\/emmaus-lyon.org\/index.php?rest_route=\/wp\/v2\/pages"}],"about":[{"href":"https:\/\/emmaus-lyon.org\/index.php?rest_route=\/wp\/v2\/types\/page"}],"author":[{"embeddable":true,"href":"https:\/\/emmaus-lyon.org\/index.php?rest_route=\/wp\/v2\/users\/2"}],"replies":[{"embeddable":true,"href":"https:\/\/emmaus-lyon.org\/index.php?rest_route=%2Fwp%2Fv2%2Fcomments&post=125"}],"version-history":[{"count":130,"href":"https:\/\/emmaus-lyon.org\/index.php?rest_route=\/wp\/v2\/pages\/125\/revisions"}],"predecessor-version":[{"id":16260,"href":"https:\/\/emmaus-lyon.org\/index.php?rest_route=\/wp\/v2\/pages\/125\/revisions\/16260"}],"wp:attachment":[{"href":"https:\/\/emmaus-lyon.org\/index.php?rest_route=%2Fwp%2Fv2%2Fmedia&parent=125"}],"curies":[{"name":"wp","href":"https:\/\/api.w.org\/{rel}","templated":true}]}}