{"id":121,"date":"2024-11-20T10:16:34","date_gmt":"2024-11-20T10:16:34","guid":{"rendered":"https:\/\/emmaus-lyon-dev.org\/?page_id=121"},"modified":"2025-11-29T18:06:13","modified_gmt":"2025-11-29T18:06:13","slug":"le-mouvement-emmaus","status":"publish","type":"page","link":"https:\/\/emmaus-lyon.org\/?page_id=121","title":{"rendered":"Le mouvement Emma\u00fcs"},"content":{"rendered":"\t\t<div data-elementor-type=\"wp-page\" data-elementor-id=\"121\" class=\"elementor elementor-121\" data-elementor-post-type=\"page\">\n\t\t\t\t<div class=\"elementor-element elementor-element-85c96c0 e-flex e-con-boxed e-con e-parent\" data-id=\"85c96c0\" data-element_type=\"container\" data-e-type=\"container\" data-settings=\"{&quot;background_background&quot;:&quot;classic&quot;}\">\n\t\t\t\t\t<div class=\"e-con-inner\">\n\t\t\t\t<div class=\"elementor-element elementor-element-b27de40 elementor-widget__width-initial elementor-widget elementor-widget-heading\" data-id=\"b27de40\" data-element_type=\"widget\" data-e-type=\"widget\" data-widget_type=\"heading.default\">\n\t\t\t\t<div class=\"elementor-widget-container\">\n\t\t\t\t\t<h1 class=\"elementor-heading-title elementor-size-default\">Le mouvement Emma\u00fcs <\/h1>\t\t\t\t<\/div>\n\t\t\t\t<\/div>\n\t\t\t\t\t<\/div>\n\t\t\t\t<\/div>\n\t\t<div class=\"elementor-element elementor-element-8ae5413 e-flex e-con-boxed e-con e-parent\" data-id=\"8ae5413\" data-element_type=\"container\" data-e-type=\"container\">\n\t\t\t\t\t<div class=\"e-con-inner\">\n\t\t<div class=\"elementor-element elementor-element-d33e612 e-con-full e-flex e-con e-child\" data-id=\"d33e612\" data-element_type=\"container\" data-e-type=\"container\">\n\t\t<div class=\"elementor-element elementor-element-f8b9858 e-con-full e-flex e-con e-child\" data-id=\"f8b9858\" data-element_type=\"container\" data-e-type=\"container\">\n\t\t\t\t<div class=\"elementor-element elementor-element-46f03f1 elementor-widget__width-initial elementor-widget elementor-widget-heading\" data-id=\"46f03f1\" data-element_type=\"widget\" data-e-type=\"widget\" data-widget_type=\"heading.default\">\n\t\t\t\t<div class=\"elementor-widget-container\">\n\t\t\t\t\t<h2 class=\"elementor-heading-title elementor-size-default\">Un mod\u00e8le alternatif de lutte contre l\u2019exclusion :<\/h2>\t\t\t\t<\/div>\n\t\t\t\t<\/div>\n\t\t\t\t<\/div>\n\t\t<div class=\"elementor-element elementor-element-4a54b8c e-con-full e-flex e-con e-child\" data-id=\"4a54b8c\" data-element_type=\"container\" data-e-type=\"container\" data-settings=\"{&quot;background_background&quot;:&quot;classic&quot;}\">\n\t\t\t\t<div class=\"elementor-element elementor-element-99636c5 elementor-widget elementor-widget-text-editor\" data-id=\"99636c5\" data-element_type=\"widget\" data-e-type=\"widget\" data-widget_type=\"text-editor.default\">\n\t\t\t\t<div class=\"elementor-widget-container\">\n\t\t\t\t\t\t\t\t\t<p><span style=\"color: #000000; font-family: Helvetica; font-size: 14pt;\">Le Mouvement Emma\u00fcs a \u00e9t\u00e9 cr\u00e9e en 1949, dans un\u00a0 contexte de crise aigue du logement, pour venir en aide aux sans logis et aux plus\u00a0 d\u00e9sh\u00e9rit\u00e9s. Au d\u00e9part, il y eut une rencontre entre Abb\u00e9 Pierre et Georges Legay, un\u00a0 abim\u00e9 de la vie, alors au bord du suicide.\u00a0<\/span><\/p><p><span style=\"font-family: Helvetica; color: #000000; font-size: 14pt;\">\u00ab Je ne peux rien te donner, je n\u2019ai rien. Mais toi qui as tout perdu, tu peux m\u2019aider \u00e0\u00a0 aider les autres \u00bb. Ce march\u00e9 insolite, propos\u00e9 par l\u2019Abb\u00e9 Pierre, d\u00e9tournera Georges\u00a0 de son funeste dessein, fera de lui le premier compagnon et scellera la naissance du\u00a0 mouvement Emma\u00fcs, avec la fondation de la toute premi\u00e8re communaut\u00e9 \u00e0 Neuilly Plaisance.<\/span><\/p>\t\t\t\t\t\t\t\t<\/div>\n\t\t\t\t<\/div>\n\t\t\t\t<\/div>\n\t\t\t\t<\/div>\n\t\t\t\t\t<\/div>\n\t\t\t\t<\/div>\n\t\t<div class=\"elementor-element elementor-element-f478216 e-flex e-con-boxed e-con e-parent\" data-id=\"f478216\" data-element_type=\"container\" data-e-type=\"container\">\n\t\t\t\t\t<div class=\"e-con-inner\">\n\t\t<div class=\"elementor-element elementor-element-1d3b32d e-con-full e-flex e-con e-child\" data-id=\"1d3b32d\" data-element_type=\"container\" data-e-type=\"container\" data-settings=\"{&quot;background_background&quot;:&quot;classic&quot;}\">\n\t\t\t\t<div class=\"elementor-element elementor-element-ac028f5 elementor-widget elementor-widget-text-editor\" data-id=\"ac028f5\" data-element_type=\"widget\" data-e-type=\"widget\" data-widget_type=\"text-editor.default\">\n\t\t\t\t<div class=\"elementor-widget-container\">\n\t\t\t\t\t\t\t\t\t<p><span style=\"color: #000000; font-family: Helvetica; font-size: 14pt;\">Depuis maintenant <strong>70 ans<\/strong>, le<strong> mouvement Emma\u00fcs<\/strong> a essaim\u00e9 sur l\u2019ensemble du territoire national. <strong>Emma\u00fcs<\/strong> est tout autant un mouvement tourn\u00e9 vers l\u2019action, qui soutient et accompagne sur le terrain les personnes en difficult\u00e9s, qu\u2019un mouvement de combat contre les in\u00e9galit\u00e9s et les injustices. C\u2019est \u00e0 la fois une fabrique d\u2019innovations <strong>sociales<\/strong> et de <strong>solidarit\u00e9s<\/strong> et un front engag\u00e9 et militant en faveur d\u2019une soci\u00e9t\u00e9 plus humaine et plus juste.<\/span><\/p>\t\t\t\t\t\t\t\t<\/div>\n\t\t\t\t<\/div>\n\t\t\t\t<div class=\"elementor-element elementor-element-be54c74 elementor-widget elementor-widget-text-editor\" data-id=\"be54c74\" data-element_type=\"widget\" data-e-type=\"widget\" data-widget_type=\"text-editor.default\">\n\t\t\t\t<div class=\"elementor-widget-container\">\n\t\t\t\t\t\t\t\t\t<p><span style=\"color: #000000;\"><span style=\"font-family: Helvetica; font-size: 14pt;\">Pour r\u00e9pondre au mieux \u00e0 l\u2019\u00e9volution des profils et attentes des personnes les plus expos\u00e9es \u00e0 la pauvret\u00e9, <strong>Emma\u00fcs<\/strong> a multipli\u00e9 les solutions. Aux c\u00f4t\u00e9s des <strong>communaut\u00e9s<\/strong>, se trouvent \u00e9galement des structures sp\u00e9cialis\u00e9es dans l\u2019action sociale, l\u2019h\u00e9bergement et le logement ainsi que dans l\u2019\u00e9conomie <strong>solidaire<\/strong> et <strong>l&rsquo;<\/strong><\/span><strong><span style=\"font-family: Helvetica; font-size: 14pt;\">insertion<\/span><\/strong><span style=\"font-family: Helvetica; font-size: 14pt;\">\u2019. De tous temps,<strong>\u00a0<\/strong><\/span><span style=\"font-family: Helvetica; font-size: 14pt;\">Emma\u00fcs a <b>su <\/b>s\u2019adapter<\/span>\u00a0<span style=\"font-family: Helvetica; font-size: 14pt;\">aux formes d\u2019exclusions les plus contemporaines. Ainsi, il propose aujourd\u2019hui un \u00e9ventail de services qui favorisent l\u2019acc\u00e8s \u00e0<strong> l\u2019h\u00e9bergement<\/strong>, au <strong>logement<\/strong> et \u00e0 <strong>l\u2019emploi<\/strong>, mais aussi des <strong>dispositifs<\/strong> pour lutter efficacement contre le mal-endettement, la pr\u00e9carit\u00e9 \u00e9nerg\u00e9tique ou encore la fracture num\u00e9rique.<\/span><\/span><\/p>\t\t\t\t\t\t\t\t<\/div>\n\t\t\t\t<\/div>\n\t\t\t\t<div class=\"elementor-element elementor-element-da308e1 elementor-widget elementor-widget-text-editor\" data-id=\"da308e1\" data-element_type=\"widget\" data-e-type=\"widget\" data-widget_type=\"text-editor.default\">\n\t\t\t\t<div class=\"elementor-widget-container\">\n\t\t\t\t\t\t\t\t\t<p><span style=\"font-family: Helvetica; color: #000000; font-size: 14pt;\">Loin des dispositifs traditionnels de charit\u00e9 et d\u2019assistanat, la restauration de la dignit\u00e9 des personnes accueillies est au c\u0153ur du mod\u00e8le <strong>Emma\u00fcs.<\/strong><\/span><\/p><p><span style=\"font-family: Helvetica; font-size: 14pt; color: #000000;\">Les solutions propos\u00e9es visent avant tout \u00e0 permettre aux personnes en situation de grande d\u00e9tresse sociale de (re)prendre confiance en leurs capacit\u00e9s, de se sentir \u00e0 nouveau utiles, et de (re)devenir pleinement actrices de leur vie. Une approche qui repose sur : <strong>l\u2019autonomie \u00e9conomique<\/strong> par l\u2019activit\u00e9, sur la recherche d\u2019une activit\u00e9 correspondant aux comp\u00e9tences des personnes et sur le principe de passer du statut d\u2019aid\u00e9 \u00e0 celui d\u2019aidant en devenant \u00e0 son tour un maillon de la cha\u00eene de <strong>solidarit\u00e9<\/strong>.<\/span><\/p><p><span style=\"color: #000000; font-family: Helvetica; font-size: 14pt;\">\u00a0<\/span><\/p>\t\t\t\t\t\t\t\t<\/div>\n\t\t\t\t<\/div>\n\t\t\t\t<\/div>\n\t\t\t\t\t<\/div>\n\t\t\t\t<\/div>\n\t\t\t\t<\/div>\n\t\t","protected":false},"excerpt":{"rendered":"<p>Le mouvement Emma\u00fcs Un mod\u00e8le alternatif de lutte contre l\u2019exclusion : Le Mouvement Emma\u00fcs a \u00e9t\u00e9 cr\u00e9e en 1949, dans un\u00a0 contexte de crise aigue du logement, pour venir en aide aux sans logis et aux plus\u00a0 d\u00e9sh\u00e9rit\u00e9s. Au d\u00e9part, il y eut une rencontre entre Abb\u00e9 Pierre et Georges Legay, un\u00a0 abim\u00e9 de la [&hellip;]<\/p>\n","protected":false},"author":2,"featured_media":0,"parent":0,"menu_order":0,"comment_status":"closed","ping_status":"closed","template":"","meta":{"footnotes":""},"class_list":["post-121","page","type-page","status-publish","hentry"],"aioseo_notices":[],"_links":{"self":[{"href":"https:\/\/emmaus-lyon.org\/index.php?rest_route=\/wp\/v2\/pages\/121","targetHints":{"allow":["GET"]}}],"collection":[{"href":"https:\/\/emmaus-lyon.org\/index.php?rest_route=\/wp\/v2\/pages"}],"about":[{"href":"https:\/\/emmaus-lyon.org\/index.php?rest_route=\/wp\/v2\/types\/page"}],"author":[{"embeddable":true,"href":"https:\/\/emmaus-lyon.org\/index.php?rest_route=\/wp\/v2\/users\/2"}],"replies":[{"embeddable":true,"href":"https:\/\/emmaus-lyon.org\/index.php?rest_route=%2Fwp%2Fv2%2Fcomments&post=121"}],"version-history":[{"count":127,"href":"https:\/\/emmaus-lyon.org\/index.php?rest_route=\/wp\/v2\/pages\/121\/revisions"}],"predecessor-version":[{"id":16128,"href":"https:\/\/emmaus-lyon.org\/index.php?rest_route=\/wp\/v2\/pages\/121\/revisions\/16128"}],"wp:attachment":[{"href":"https:\/\/emmaus-lyon.org\/index.php?rest_route=%2Fwp%2Fv2%2Fmedia&parent=121"}],"curies":[{"name":"wp","href":"https:\/\/api.w.org\/{rel}","templated":true}]}}