{"id":115,"date":"2024-11-20T10:14:37","date_gmt":"2024-11-20T10:14:37","guid":{"rendered":"https:\/\/emmaus-lyon-dev.org\/?page_id=115"},"modified":"2025-11-29T17:37:10","modified_gmt":"2025-11-29T17:37:10","slug":"acheter","status":"publish","type":"page","link":"https:\/\/emmaus-lyon.org\/?page_id=115","title":{"rendered":"Acheter"},"content":{"rendered":"\t\t<div data-elementor-type=\"wp-page\" data-elementor-id=\"115\" class=\"elementor elementor-115\" data-elementor-post-type=\"page\">\n\t\t\t\t<div class=\"elementor-element elementor-element-49d38a0 e-flex e-con-boxed e-con e-parent\" data-id=\"49d38a0\" data-element_type=\"container\" data-e-type=\"container\" data-settings=\"{&quot;background_background&quot;:&quot;classic&quot;}\">\n\t\t\t\t\t<div class=\"e-con-inner\">\n\t\t\t\t<div class=\"elementor-element elementor-element-91148cf elementor-widget__width-initial elementor-widget elementor-widget-heading\" data-id=\"91148cf\" data-element_type=\"widget\" data-e-type=\"widget\" data-widget_type=\"heading.default\">\n\t\t\t\t<div class=\"elementor-widget-container\">\n\t\t\t\t\t<h1 class=\"elementor-heading-title elementor-size-default\">Acheter<\/h1>\t\t\t\t<\/div>\n\t\t\t\t<\/div>\n\t\t\t\t\t<\/div>\n\t\t\t\t<\/div>\n\t\t<div class=\"elementor-element elementor-element-5b2c332 e-flex e-con-boxed e-con e-parent\" data-id=\"5b2c332\" data-element_type=\"container\" data-e-type=\"container\" data-settings=\"{&quot;background_background&quot;:&quot;classic&quot;}\">\n\t\t\t\t\t<div class=\"e-con-inner\">\n\t\t<div class=\"elementor-element elementor-element-14227c5 e-con-full e-flex e-con e-child\" data-id=\"14227c5\" data-element_type=\"container\" data-e-type=\"container\" data-settings=\"{&quot;background_background&quot;:&quot;classic&quot;}\">\n\t\t<div class=\"elementor-element elementor-element-4cc9866 e-con-full e-flex e-con e-child\" data-id=\"4cc9866\" data-element_type=\"container\" data-e-type=\"container\">\n\t\t\t\t<div class=\"elementor-element elementor-element-6906c69 elementor-widget-mobile__width-initial elementor-widget elementor-widget-heading\" data-id=\"6906c69\" data-element_type=\"widget\" data-e-type=\"widget\" data-widget_type=\"heading.default\">\n\t\t\t\t<div class=\"elementor-widget-container\">\n\t\t\t\t\t<h1 class=\"elementor-heading-title elementor-size-default\">       Acheter, c\u2019est chiner, c\u2019est partager, c\u2019est recycler<\/h1>\t\t\t\t<\/div>\n\t\t\t\t<\/div>\n\t\t\t\t<\/div>\n\t\t<div class=\"elementor-element elementor-element-c577a75 e-con-full e-flex e-con e-child\" data-id=\"c577a75\" data-element_type=\"container\" data-e-type=\"container\">\n\t\t\t\t<div class=\"elementor-element elementor-element-218a085 elementor-widget elementor-widget-text-editor\" data-id=\"218a085\" data-element_type=\"widget\" data-e-type=\"widget\" data-widget_type=\"text-editor.default\">\n\t\t\t\t<div class=\"elementor-widget-container\">\n\t\t\t\t\t\t\t\t\t<p>\u00a0<\/p><p style=\"text-align: left;\"><span style=\"font-family: Helvetica; font-size: 14pt; color: #000000;\"><strong>Vos achats<\/strong> vous permettent d\u2019acc\u00e9der \u00e0 des produits en bon \u00e9tat, mais aussi de donner une<strong> seconde vie<\/strong> aux objets et d\u2019\u00e9viter des d\u00e9chets, c\u2019est une alternative \u00e0 la consommation de masse et au \u00ab tout jetable \u00bb.\u2028<\/span><\/p><p style=\"text-align: left;\"><span style=\"font-family: Helvetica; font-size: 14pt; color: #000000;\">Parfois <strong>cet achat<\/strong> est une acquisition insolite puisque chaque objet\u00a0 est unique !\u2028De plus votre achat est un <strong>acte solidaire<\/strong> qui nous permet de subvenir aux besoins de la Communaut\u00e9 et de nous soutenir dans l\u2019accueil et l\u2019accompagnement des <strong>compagnes<\/strong> et <strong>compagnons<\/strong>. <\/span><\/p><p style=\"text-align: left;\"><span style=\"font-family: Helvetica; font-size: 14pt; color: #000000;\">Votre achat nous permet d\u2019\u00eatre totalement ind\u00e9pendant financi\u00e8rement, pour assurer notre libert\u00e9 d\u2019expression et d\u2019action face aux pouvoirs publics.\u2028<\/span><\/p><p style=\"text-align: left;\"><span style=\"font-family: Helvetica; font-size: 14pt; color: #000000;\">Vous trouverez tout ce dont <strong>vous r\u00eavez<\/strong> et bien plus dans l\u2019un de <strong>nos trois espaces de vente<\/strong> : <strong>Parilly<\/strong>, <strong>Cr\u00e9qui<\/strong> et <strong>Gratte-Ciel.<\/strong><\/span><\/p>\t\t\t\t\t\t\t\t<\/div>\n\t\t\t\t<\/div>\n\t\t\t\t<\/div>\n\t\t\t\t<\/div>\n\t\t\t\t\t<\/div>\n\t\t\t\t<\/div>\n\t\t<div class=\"elementor-element elementor-element-7a6dc94 e-flex e-con-boxed e-con e-parent\" data-id=\"7a6dc94\" data-element_type=\"container\" data-e-type=\"container\" data-settings=\"{&quot;background_background&quot;:&quot;classic&quot;}\">\n\t\t\t\t\t<div class=\"e-con-inner\">\n\t\t<div class=\"elementor-element elementor-element-da9b6c4 e-flex e-con-boxed e-con e-child\" data-id=\"da9b6c4\" data-element_type=\"container\" data-e-type=\"container\">\n\t\t\t\t\t<div class=\"e-con-inner\">\n\t\t<div class=\"elementor-element elementor-element-440210d e-con-full e-flex e-con e-child\" data-id=\"440210d\" data-element_type=\"container\" data-e-type=\"container\">\n\t\t\t\t<div class=\"elementor-element elementor-element-c66a89d elementor-widget elementor-widget-text-editor\" data-id=\"c66a89d\" data-element_type=\"widget\" data-e-type=\"widget\" data-widget_type=\"text-editor.default\">\n\t\t\t\t<div class=\"elementor-widget-container\">\n\t\t\t\t\t\t\t\t\t<p><span style=\"font-size: 14pt;\"><strong><span style=\"color: #ffffff; font-family: Helvetica;\">D\u00c9COUVREZ NOS POINT DE VENTE <\/span><\/strong><span style=\"color: #ff6600;\"><strong><span style=\"font-family: Helvetica;\"><span style=\"color: #ffffff;\">EMMA\u00dcS LYON<\/span><\/span><\/strong><\/span><\/span><\/p>\t\t\t\t\t\t\t\t<\/div>\n\t\t\t\t<\/div>\n\t\t\t\t<\/div>\n\t\t<div class=\"elementor-element elementor-element-f342fca e-con-full e-flex e-con e-child\" data-id=\"f342fca\" data-element_type=\"container\" data-e-type=\"container\">\n\t\t\t\t<div class=\"elementor-element elementor-element-37e0c73 elementor-align-center elementor-widget elementor-widget-button\" data-id=\"37e0c73\" data-element_type=\"widget\" data-e-type=\"widget\" data-widget_type=\"button.default\">\n\t\t\t\t<div class=\"elementor-widget-container\">\n\t\t\t\t\t\t\t\t\t<div class=\"elementor-button-wrapper\">\n\t\t\t\t\t<a class=\"elementor-button elementor-button-link elementor-size-sm\" href=\"https:\/\/emmaus-lyon-dev.org\/?page_id=1452\" target=\"_blank\">\n\t\t\t\t\t\t<span class=\"elementor-button-content-wrapper\">\n\t\t\t\t\t\t\t\t\t<span class=\"elementor-button-text\">Nous trouver<\/span>\n\t\t\t\t\t<\/span>\n\t\t\t\t\t<\/a>\n\t\t\t\t<\/div>\n\t\t\t\t\t\t\t\t<\/div>\n\t\t\t\t<\/div>\n\t\t\t\t<\/div>\n\t\t\t\t\t<\/div>\n\t\t\t\t<\/div>\n\t\t\t\t\t<\/div>\n\t\t\t\t<\/div>\n\t\t\t\t<\/div>\n\t\t","protected":false},"excerpt":{"rendered":"<p>Acheter Acheter, c\u2019est chiner, c\u2019est partager, c\u2019est recycler \u00a0 Vos achats vous permettent d\u2019acc\u00e9der \u00e0 des produits en bon \u00e9tat, mais aussi de donner une seconde vie aux objets et d\u2019\u00e9viter des d\u00e9chets, c\u2019est une alternative \u00e0 la consommation de masse et au \u00ab tout jetable \u00bb.\u2028 Parfois cet achat est une acquisition insolite puisque [&hellip;]<\/p>\n","protected":false},"author":2,"featured_media":0,"parent":0,"menu_order":0,"comment_status":"closed","ping_status":"closed","template":"","meta":{"footnotes":""},"class_list":["post-115","page","type-page","status-publish","hentry"],"aioseo_notices":[],"_links":{"self":[{"href":"https:\/\/emmaus-lyon.org\/index.php?rest_route=\/wp\/v2\/pages\/115","targetHints":{"allow":["GET"]}}],"collection":[{"href":"https:\/\/emmaus-lyon.org\/index.php?rest_route=\/wp\/v2\/pages"}],"about":[{"href":"https:\/\/emmaus-lyon.org\/index.php?rest_route=\/wp\/v2\/types\/page"}],"author":[{"embeddable":true,"href":"https:\/\/emmaus-lyon.org\/index.php?rest_route=\/wp\/v2\/users\/2"}],"replies":[{"embeddable":true,"href":"https:\/\/emmaus-lyon.org\/index.php?rest_route=%2Fwp%2Fv2%2Fcomments&post=115"}],"version-history":[{"count":241,"href":"https:\/\/emmaus-lyon.org\/index.php?rest_route=\/wp\/v2\/pages\/115\/revisions"}],"predecessor-version":[{"id":16085,"href":"https:\/\/emmaus-lyon.org\/index.php?rest_route=\/wp\/v2\/pages\/115\/revisions\/16085"}],"wp:attachment":[{"href":"https:\/\/emmaus-lyon.org\/index.php?rest_route=%2Fwp%2Fv2%2Fmedia&parent=115"}],"curies":[{"name":"wp","href":"https:\/\/api.w.org\/{rel}","templated":true}]}}