{"id":113,"date":"2024-11-20T10:14:12","date_gmt":"2024-11-20T10:14:12","guid":{"rendered":"https:\/\/emmaus-lyon-dev.org\/?page_id=113"},"modified":"2026-03-24T07:32:52","modified_gmt":"2026-03-24T07:32:52","slug":"donner","status":"publish","type":"page","link":"https:\/\/emmaus-lyon.org\/?page_id=113","title":{"rendered":"Donner"},"content":{"rendered":"\t\t<div data-elementor-type=\"wp-page\" data-elementor-id=\"113\" class=\"elementor elementor-113\" data-elementor-post-type=\"page\">\n\t\t\t\t<div class=\"elementor-element elementor-element-2d5c0c9 e-flex e-con-boxed e-con e-parent\" data-id=\"2d5c0c9\" data-element_type=\"container\" data-e-type=\"container\" data-settings=\"{&quot;background_background&quot;:&quot;classic&quot;}\">\n\t\t\t\t\t<div class=\"e-con-inner\">\n\t\t\t\t<div class=\"elementor-element elementor-element-984b173 elementor-widget__width-initial elementor-widget elementor-widget-heading\" data-id=\"984b173\" data-element_type=\"widget\" data-e-type=\"widget\" data-widget_type=\"heading.default\">\n\t\t\t\t<div class=\"elementor-widget-container\">\n\t\t\t\t\t<h1 class=\"elementor-heading-title elementor-size-default\">DONNER<\/h1>\t\t\t\t<\/div>\n\t\t\t\t<\/div>\n\t\t\t\t\t<\/div>\n\t\t\t\t<\/div>\n\t\t<div class=\"elementor-element elementor-element-8e571bb e-flex e-con-boxed e-con e-parent\" data-id=\"8e571bb\" data-element_type=\"container\" data-e-type=\"container\" data-settings=\"{&quot;motion_fx_motion_fx_scrolling&quot;:&quot;yes&quot;,&quot;motion_fx_scale_effect&quot;:&quot;yes&quot;,&quot;motion_fx_scale_speed&quot;:{&quot;unit&quot;:&quot;px&quot;,&quot;size&quot;:3,&quot;sizes&quot;:[]},&quot;motion_fx_scale_range&quot;:{&quot;unit&quot;:&quot;%&quot;,&quot;size&quot;:&quot;&quot;,&quot;sizes&quot;:{&quot;start&quot;:27,&quot;end&quot;:78}},&quot;motion_fx_scale_direction&quot;:&quot;out-in&quot;,&quot;motion_fx_devices&quot;:[&quot;desktop&quot;,&quot;tablet&quot;,&quot;mobile&quot;]}\">\n\t\t\t\t\t<div class=\"e-con-inner\">\n\t\t<div class=\"elementor-element elementor-element-640e59b e-flex e-con-boxed e-con e-child\" data-id=\"640e59b\" data-element_type=\"container\" data-e-type=\"container\" data-settings=\"{&quot;background_background&quot;:&quot;classic&quot;}\">\n\t\t\t\t\t<div class=\"e-con-inner\">\n\t\t<div class=\"elementor-element elementor-element-40cc007 e-con-full e-flex e-con e-child\" data-id=\"40cc007\" data-element_type=\"container\" data-e-type=\"container\">\n\t\t\t\t<div class=\"elementor-element elementor-element-7db600f elementor-widget-mobile__width-initial elementor-widget elementor-widget-heading\" data-id=\"7db600f\" data-element_type=\"widget\" data-e-type=\"widget\" data-widget_type=\"heading.default\">\n\t\t\t\t<div class=\"elementor-widget-container\">\n\t\t\t\t\t<h1 class=\"elementor-heading-title elementor-size-default\">        Donnez ce que vous pourriez acheter<\/h1>\t\t\t\t<\/div>\n\t\t\t\t<\/div>\n\t\t\t\t<\/div>\n\t\t<div class=\"elementor-element elementor-element-0648713 e-con-full e-flex e-con e-child\" data-id=\"0648713\" data-element_type=\"container\" data-e-type=\"container\">\n\t\t\t\t<div class=\"elementor-element elementor-element-ff44dc3 elementor-widget elementor-widget-text-editor\" data-id=\"ff44dc3\" data-element_type=\"widget\" data-e-type=\"widget\" data-widget_type=\"text-editor.default\">\n\t\t\t\t<div class=\"elementor-widget-container\">\n\t\t\t\t\t\t\t\t\t<p>\u00a0<\/p><p style=\"text-align: left;\"><span style=\"font-family: Helvetica; font-size: 14pt; color: #000000;\"><strong>Vos dons<\/strong> en produits et objets divers, <strong>v\u00eatements<\/strong> et <strong>meubles<\/strong> sont essentiels pour la vie de la <strong>communaut\u00e9<\/strong>, ils sont notre seule ressource.<\/span><\/p><p style=\"text-align: left;\"><span style=\"font-family: Helvetica; font-size: 14pt; color: #000000;\"> Ils g\u00e9n\u00e8rent de l\u2019activit\u00e9 pour notre communaut\u00e9 et permettent ainsi \u00e0 des personnes issues de la pr\u00e9carit\u00e9 de retrouver confiance en elles. Le savoir-faire et le talent des <strong>compagnes<\/strong>, <strong>compagnons<\/strong>, <strong>b\u00e9n\u00e9voles<\/strong> permettent bien souvent de redonner une nouvelle existence aux <strong>objets<\/strong> et <strong>meubles<\/strong>. <\/span><\/p><p style=\"text-align: left;\"><span style=\"font-family: Helvetica; font-size: 14pt; color: #000000;\">Vos dons permettent aussi \u00e0 d\u2019autres de s\u2019habiller et de s\u2019\u00e9quiper \u00e0 moindre prix.\u2028Vous pouvez d\u00e9poser directement vos dons sur l\u2019un de nos trois espaces de vente (les dons volumineux ne sont r\u00e9cup\u00e9rable qu\u2019au d\u00e9p\u00f4t de Parilly ).\u2028Nous nous d\u00e9pla\u00e7ons gratuitement \u00e0 votre domicile pour r\u00e9cup\u00e9rer <strong>vos dons<\/strong> volumineux et en assez bon \u00e9tat, pour que nous puissions les revendre<\/span><\/p><div>\u00a0<\/div><div>\u00a0<\/div>\t\t\t\t\t\t\t\t<\/div>\n\t\t\t\t<\/div>\n\t\t\t\t<\/div>\n\t\t\t\t\t<\/div>\n\t\t\t\t<\/div>\n\t\t\t\t\t<\/div>\n\t\t\t\t<\/div>\n\t\t<div class=\"elementor-element elementor-element-90e11ab e-flex e-con-boxed e-con e-parent\" data-id=\"90e11ab\" data-element_type=\"container\" data-e-type=\"container\">\n\t\t\t\t\t<div class=\"e-con-inner\">\n\t\t<div class=\"elementor-element elementor-element-b73971f e-con-full e-flex e-con e-child\" data-id=\"b73971f\" data-element_type=\"container\" data-e-type=\"container\">\n\t\t\t\t<\/div>\n\t\t<div class=\"elementor-element elementor-element-97b0cbd e-con-full e-flex e-con e-child\" data-id=\"97b0cbd\" data-element_type=\"container\" data-e-type=\"container\" data-settings=\"{&quot;background_background&quot;:&quot;classic&quot;}\">\n\t\t\t\t<div class=\"elementor-element elementor-element-e42f7aa elementor-widget__width-initial elementor-widget elementor-widget-text-editor\" data-id=\"e42f7aa\" data-element_type=\"widget\" data-e-type=\"widget\" data-widget_type=\"text-editor.default\">\n\t\t\t\t<div class=\"elementor-widget-container\">\n\t\t\t\t\t\t\t\t\t<p style=\"text-align: center;\"><span style=\"font-size: 14pt;\"><em><span style=\"font-family: Helvetica;\">Gr\u00e2ce \u00e0 vos dons, notre communaut\u00e9 peut survivre. Vous nous aidez \u00e0 aider les personnes dans le besoin.<\/span><\/em><\/span><\/p>\t\t\t\t\t\t\t\t<\/div>\n\t\t\t\t<\/div>\n\t\t\t\t<div class=\"elementor-element elementor-element-393cccd elementor-widget elementor-widget-text-editor\" data-id=\"393cccd\" data-element_type=\"widget\" data-e-type=\"widget\" data-widget_type=\"text-editor.default\">\n\t\t\t\t<div class=\"elementor-widget-container\">\n\t\t\t\t\t\t\t\t\t<p style=\"text-align: center;\"><span style=\"font-family: Helvetica; font-size: 14pt; color: #000000;\">Nous accueillons tous les dons en \u00e9tat de servir .<\/span><\/p>\t\t\t\t\t\t\t\t<\/div>\n\t\t\t\t<\/div>\n\t\t\t\t<div class=\"elementor-element elementor-element-a572012 elementor-widget elementor-widget-text-editor\" data-id=\"a572012\" data-element_type=\"widget\" data-e-type=\"widget\" data-settings=\"{&quot;motion_fx_motion_fx_scrolling&quot;:&quot;yes&quot;,&quot;motion_fx_scale_effect&quot;:&quot;yes&quot;,&quot;motion_fx_scale_speed&quot;:{&quot;unit&quot;:&quot;px&quot;,&quot;size&quot;:1,&quot;sizes&quot;:[]},&quot;motion_fx_scale_direction&quot;:&quot;out-in&quot;,&quot;motion_fx_scale_range&quot;:{&quot;unit&quot;:&quot;%&quot;,&quot;size&quot;:&quot;&quot;,&quot;sizes&quot;:{&quot;start&quot;:20,&quot;end&quot;:80}},&quot;motion_fx_devices&quot;:[&quot;desktop&quot;,&quot;tablet&quot;,&quot;mobile&quot;]}\" data-widget_type=\"text-editor.default\">\n\t\t\t\t<div class=\"elementor-widget-container\">\n\t\t\t\t\t\t\t\t\t<p style=\"text-align: center;\"><span style=\"font-size: 14pt;\"><strong><span style=\"font-family: Helvetica;\">\u00a0Sauf Exclus : Pneus, bouteilles de gaz, produits alimentaires, produits chimiques.<\/span><\/strong><\/span><\/p>\t\t\t\t\t\t\t\t<\/div>\n\t\t\t\t<\/div>\n\t\t\t\t<\/div>\n\t\t\t\t\t<\/div>\n\t\t\t\t<\/div>\n\t\t<div class=\"elementor-element elementor-element-276c1f6 e-con-full e-flex e-con e-parent\" data-id=\"276c1f6\" data-element_type=\"container\" data-e-type=\"container\">\n\t\t<div class=\"elementor-element elementor-element-87e6200 e-con-full e-flex e-con e-child\" data-id=\"87e6200\" data-element_type=\"container\" data-e-type=\"container\">\n\t\t\t\t<div class=\"elementor-element elementor-element-fe40f4f elementor-widget__width-initial elementor-widget elementor-widget-heading\" data-id=\"fe40f4f\" data-element_type=\"widget\" data-e-type=\"widget\" data-widget_type=\"heading.default\">\n\t\t\t\t<div class=\"elementor-widget-container\">\n\t\t\t\t\t<h2 class=\"elementor-heading-title elementor-size-default\">D\u00e9couvrez les types d\u2019objets que nous acceptons :<\/h2>\t\t\t\t<\/div>\n\t\t\t\t<\/div>\n\t\t\t\t<\/div>\n\t\t\t\t<\/div>\n\t\t<div class=\"elementor-element elementor-element-a5391fd e-flex e-con-boxed e-con e-parent\" data-id=\"a5391fd\" data-element_type=\"container\" data-e-type=\"container\">\n\t\t\t\t\t<div class=\"e-con-inner\">\n\t\t<div class=\"elementor-element elementor-element-c669e2e e-flex e-con-boxed elementor-invisible e-con e-child\" data-id=\"c669e2e\" data-element_type=\"container\" data-e-type=\"container\" data-settings=\"{&quot;animation&quot;:&quot;fadeInUp&quot;}\">\n\t\t\t\t\t<div class=\"e-con-inner\">\n\t\t<div class=\"elementor-element elementor-element-a4b2cd4 e-con-full e-flex e-con e-child\" data-id=\"a4b2cd4\" data-element_type=\"container\" data-e-type=\"container\">\n\t\t<div class=\"elementor-element elementor-element-0019e26 e-con-full e-flex e-con e-child\" data-id=\"0019e26\" data-element_type=\"container\" data-e-type=\"container\">\n\t\t<div class=\"elementor-element elementor-element-5ffbb5a e-con-full e-flex e-con e-child\" data-id=\"5ffbb5a\" data-element_type=\"container\" data-e-type=\"container\">\n\t\t\t\t<div class=\"elementor-element elementor-element-83062a4 elementor-widget__width-initial elementor-widget elementor-widget-heading\" data-id=\"83062a4\" data-element_type=\"widget\" data-e-type=\"widget\" data-widget_type=\"heading.default\">\n\t\t\t\t<div class=\"elementor-widget-container\">\n\t\t\t\t\t<h2 class=\"elementor-heading-title elementor-size-default\">Mode \/ friperie<\/h2>\t\t\t\t<\/div>\n\t\t\t\t<\/div>\n\t\t\t\t<\/div>\n\t\t<div class=\"elementor-element elementor-element-7fd7f1c e-con-full e-flex elementor-invisible e-con e-child\" data-id=\"7fd7f1c\" data-element_type=\"container\" data-e-type=\"container\" data-settings=\"{&quot;background_background&quot;:&quot;classic&quot;,&quot;animation&quot;:&quot;fadeIn&quot;}\">\n\t\t\t\t<div class=\"elementor-element elementor-element-aedf7ea elementor-widget elementor-widget-text-editor\" data-id=\"aedf7ea\" data-element_type=\"widget\" data-e-type=\"widget\" data-widget_type=\"text-editor.default\">\n\t\t\t\t<div class=\"elementor-widget-container\">\n\t\t\t\t\t\t\t\t\t<ul><li><span style=\"font-family: Helvetica; font-size: 14pt; color: #000000;\">V\u00eatements Femmes\u00a0\u00a0\u00a0 <br \/><\/span><\/li><li><span style=\"font-family: Helvetica; font-size: 14pt;\">V\u00eatements Hommes<\/span><\/li><li><span style=\"font-family: Helvetica; font-size: 14pt;\">V\u00eatements Enfants <\/span><\/li><li><span style=\"font-family: Helvetica; font-size: 14pt;\">Pu\u00e9riculture<\/span><\/li><li><span style=\"font-family: Helvetica; font-size: 14pt;\">Maroquinerie<\/span><\/li><\/ul>\t\t\t\t\t\t\t\t<\/div>\n\t\t\t\t<\/div>\n\t\t\t\t<\/div>\n\t\t\t\t<\/div>\n\t\t<div class=\"elementor-element elementor-element-e3a6988 e-con-full e-flex e-con e-child\" data-id=\"e3a6988\" data-element_type=\"container\" data-e-type=\"container\">\n\t\t<div class=\"elementor-element elementor-element-32b2c21 e-con-full e-flex e-con e-child\" data-id=\"32b2c21\" data-element_type=\"container\" data-e-type=\"container\">\n\t\t\t\t<div class=\"elementor-element elementor-element-b45aa39 elementor-widget__width-initial elementor-widget elementor-widget-heading\" data-id=\"b45aa39\" data-element_type=\"widget\" data-e-type=\"widget\" data-widget_type=\"heading.default\">\n\t\t\t\t<div class=\"elementor-widget-container\">\n\t\t\t\t\t<h2 class=\"elementor-heading-title elementor-size-default\">MAISON<\/h2>\t\t\t\t<\/div>\n\t\t\t\t<\/div>\n\t\t\t\t<\/div>\n\t\t<div class=\"elementor-element elementor-element-9d3180e e-con-full e-flex e-con e-child\" data-id=\"9d3180e\" data-element_type=\"container\" data-e-type=\"container\" data-settings=\"{&quot;background_background&quot;:&quot;classic&quot;}\">\n\t\t\t\t<div class=\"elementor-element elementor-element-80f5e48 elementor-widget elementor-widget-text-editor\" data-id=\"80f5e48\" data-element_type=\"widget\" data-e-type=\"widget\" data-widget_type=\"text-editor.default\">\n\t\t\t\t<div class=\"elementor-widget-container\">\n\t\t\t\t\t\t\t\t\t<ul><li><span style=\"font-family: Helvetica; font-size: 14pt; color: #000000;\">D\u00e9coration<\/span><\/li><li style=\"text-align: left;\"><span style=\"font-family: Helvetica; font-size: 14pt; color: #000000;\">Meubles<\/span><\/li><li><span style=\"font-family: Helvetica; font-size: 14pt; color: #000000;\">Linge de maison,<\/span><\/li><li><span style=\"font-family: Helvetica; font-size: 14pt; color: #000000;\">Vaisselle<\/span><\/li><li><span style=\"font-family: Helvetica; font-size: 14pt; color: #000000;\">Mercerie <\/span><\/li><li><span style=\"font-family: Helvetica; font-size: 14pt; color: #000000;\">Luminaires<\/span><\/li><\/ul>\t\t\t\t\t\t\t\t<\/div>\n\t\t\t\t<\/div>\n\t\t\t\t<\/div>\n\t\t\t\t<\/div>\n\t\t<div class=\"elementor-element elementor-element-4cd2889 e-con-full e-flex e-con e-child\" data-id=\"4cd2889\" data-element_type=\"container\" data-e-type=\"container\">\n\t\t<div class=\"elementor-element elementor-element-afe4b08 e-con-full e-flex e-con e-child\" data-id=\"afe4b08\" data-element_type=\"container\" data-e-type=\"container\">\n\t\t\t\t<div class=\"elementor-element elementor-element-0d61df8 elementor-widget__width-initial elementor-widget elementor-widget-heading\" data-id=\"0d61df8\" data-element_type=\"widget\" data-e-type=\"widget\" data-widget_type=\"heading.default\">\n\t\t\t\t<div class=\"elementor-widget-container\">\n\t\t\t\t\t<h2 class=\"elementor-heading-title elementor-size-default\">Loisirs<\/h2>\t\t\t\t<\/div>\n\t\t\t\t<\/div>\n\t\t\t\t<\/div>\n\t\t<div class=\"elementor-element elementor-element-4d97831 e-con-full e-flex e-con e-child\" data-id=\"4d97831\" data-element_type=\"container\" data-e-type=\"container\" data-settings=\"{&quot;background_background&quot;:&quot;classic&quot;}\">\n\t\t\t\t<div class=\"elementor-element elementor-element-2500004 elementor-widget elementor-widget-text-editor\" data-id=\"2500004\" data-element_type=\"widget\" data-e-type=\"widget\" data-widget_type=\"text-editor.default\">\n\t\t\t\t<div class=\"elementor-widget-container\">\n\t\t\t\t\t\t\t\t\t<ul><li><span style=\"font-family: Helvetica; font-size: 14pt; color: #000000;\">Livres<\/span><\/li><li style=\"text-align: left;\"><span style=\"font-family: Helvetica; font-size: 14pt; color: #000000;\">Jouets<\/span><\/li><li><span style=\"font-family: Helvetica; font-size: 14pt;\">Sports<\/span><\/li><li><span style=\"font-family: Helvetica; font-size: 14pt; color: #000000;\">Musique<\/span><\/li><li><span style=\"font-family: Helvetica; font-size: 14pt; color: #000000;\">Jeux<\/span><\/li><li><span style=\"font-family: Helvetica; font-size: 14pt; color: #000000;\">Jeux vid\u00e9o<\/span><\/li><\/ul><p>\u00a0<\/p>\t\t\t\t\t\t\t\t<\/div>\n\t\t\t\t<\/div>\n\t\t\t\t<\/div>\n\t\t\t\t<\/div>\n\t\t\t\t<\/div>\n\t\t<div class=\"elementor-element elementor-element-3d7b395 e-con-full e-flex e-con e-child\" data-id=\"3d7b395\" data-element_type=\"container\" data-e-type=\"container\">\n\t\t<div class=\"elementor-element elementor-element-103ecc4 e-con-full e-flex e-con e-child\" data-id=\"103ecc4\" data-element_type=\"container\" data-e-type=\"container\">\n\t\t<div class=\"elementor-element elementor-element-7d9bca3 e-con-full e-flex e-con e-child\" data-id=\"7d9bca3\" data-element_type=\"container\" data-e-type=\"container\">\n\t\t\t\t<div class=\"elementor-element elementor-element-76be280 elementor-widget__width-initial elementor-widget elementor-widget-heading\" data-id=\"76be280\" data-element_type=\"widget\" data-e-type=\"widget\" data-widget_type=\"heading.default\">\n\t\t\t\t<div class=\"elementor-widget-container\">\n\t\t\t\t\t<h2 class=\"elementor-heading-title elementor-size-default\">\u00c9quipement \u00e9lectrique et \u00e9lectronique <\/h2>\t\t\t\t<\/div>\n\t\t\t\t<\/div>\n\t\t\t\t<\/div>\n\t\t<div class=\"elementor-element elementor-element-3837f08 e-con-full e-flex e-con e-child\" data-id=\"3837f08\" data-element_type=\"container\" data-e-type=\"container\" data-settings=\"{&quot;background_background&quot;:&quot;classic&quot;}\">\n\t\t\t\t<div class=\"elementor-element elementor-element-93e53fd elementor-widget elementor-widget-text-editor\" data-id=\"93e53fd\" data-element_type=\"widget\" data-e-type=\"widget\" data-widget_type=\"text-editor.default\">\n\t\t\t\t<div class=\"elementor-widget-container\">\n\t\t\t\t\t\t\t\t\t<ul><li><span style=\"font-family: Helvetica; font-size: 14pt;\">Appareils \u00e9lectrom\u00e9nagers<\/span><\/li><li><span style=\"font-family: Helvetica; font-size: 14pt;\">Appareils \u00e9lectroniques (m\u00e9nager, robots&#8230;&#8230;)<\/span><\/li><li><span style=\"font-family: Helvetica; font-size: 14pt; color: #000000;\">T\u00e9l\u00e9visions<\/span><\/li><li><span style=\"font-family: Helvetica; font-size: 14pt; color: #000000;\">Informatique <br \/><\/span><\/li><li><span style=\"font-family: Helvetica; font-size: 14pt; color: #000000;\">T\u00e9l\u00e9phones<\/span><\/li><\/ul>\t\t\t\t\t\t\t\t<\/div>\n\t\t\t\t<\/div>\n\t\t\t\t<\/div>\n\t\t\t\t<\/div>\n\t\t<div class=\"elementor-element elementor-element-67e0ef1 e-con-full e-flex e-con e-child\" data-id=\"67e0ef1\" data-element_type=\"container\" data-e-type=\"container\">\n\t\t<div class=\"elementor-element elementor-element-998cd5c e-con-full e-flex e-con e-child\" data-id=\"998cd5c\" data-element_type=\"container\" data-e-type=\"container\">\n\t\t\t\t<div class=\"elementor-element elementor-element-afb9a40 elementor-widget__width-initial elementor-widget elementor-widget-heading\" data-id=\"afb9a40\" data-element_type=\"widget\" data-e-type=\"widget\" data-widget_type=\"heading.default\">\n\t\t\t\t<div class=\"elementor-widget-container\">\n\t\t\t\t\t<h2 class=\"elementor-heading-title elementor-size-default\">Jardin et bricolage<\/h2>\t\t\t\t<\/div>\n\t\t\t\t<\/div>\n\t\t\t\t<\/div>\n\t\t<div class=\"elementor-element elementor-element-d059923 e-con-full e-flex e-con e-child\" data-id=\"d059923\" data-element_type=\"container\" data-e-type=\"container\" data-settings=\"{&quot;background_background&quot;:&quot;classic&quot;}\">\n\t\t\t\t<div class=\"elementor-element elementor-element-7a7ba47 elementor-widget elementor-widget-text-editor\" data-id=\"7a7ba47\" data-element_type=\"widget\" data-e-type=\"widget\" data-widget_type=\"text-editor.default\">\n\t\t\t\t<div class=\"elementor-widget-container\">\n\t\t\t\t\t\t\t\t\t<ul><li><span style=\"font-family: Helvetica; font-size: 14pt; color: #000000;\">Outillage<\/span><\/li><li style=\"text-align: left;\"><span style=\"font-family: Helvetica; font-size: 14pt; color: #000000;\">Mat\u00e9riel<\/span><\/li><li><span style=\"font-family: Helvetica; font-size: 14pt; color: #000000;\">Mat\u00e9riaux <\/span><\/li><\/ul>\t\t\t\t\t\t\t\t<\/div>\n\t\t\t\t<\/div>\n\t\t\t\t<\/div>\n\t\t\t\t<\/div>\n\t\t<div class=\"elementor-element elementor-element-37d438a e-con-full elementor-hidden-mobile e-flex e-con e-child\" data-id=\"37d438a\" data-element_type=\"container\" data-e-type=\"container\">\n\t\t\t\t<\/div>\n\t\t\t\t<\/div>\n\t\t\t\t\t<\/div>\n\t\t\t\t<\/div>\n\t\t<div class=\"elementor-element elementor-element-d794ec0 e-con-full e-flex e-con e-child\" data-id=\"d794ec0\" data-element_type=\"container\" data-e-type=\"container\">\n\t\t\t\t<\/div>\n\t\t\t\t\t<\/div>\n\t\t\t\t<\/div>\n\t\t<div class=\"elementor-element elementor-element-39e967c e-flex e-con-boxed e-con e-parent\" data-id=\"39e967c\" data-element_type=\"container\" data-e-type=\"container\" data-settings=\"{&quot;background_background&quot;:&quot;classic&quot;}\">\n\t\t\t\t\t<div class=\"e-con-inner\">\n\t\t<div class=\"elementor-element elementor-element-0daf7a7 e-flex e-con-boxed e-con e-child\" data-id=\"0daf7a7\" data-element_type=\"container\" data-e-type=\"container\">\n\t\t\t\t\t<div class=\"e-con-inner\">\n\t\t<div class=\"elementor-element elementor-element-f7ad3ce e-con-full e-flex e-con e-child\" data-id=\"f7ad3ce\" data-element_type=\"container\" data-e-type=\"container\">\n\t\t\t\t<div class=\"elementor-element elementor-element-a435012 elementor-widget elementor-widget-text-editor\" data-id=\"a435012\" data-element_type=\"widget\" data-e-type=\"widget\" data-widget_type=\"text-editor.default\">\n\t\t\t\t<div class=\"elementor-widget-container\">\n\t\t\t\t\t\t\t\t\t<h1 class=\"m-size-28 size-36\" style=\"text-align: center;\"><span style=\"font-size: 18pt; font-family: Arial Black, Avant Garde; color: #ffffff;\"><span style=\"font-family: Helvetica;\"><span class=\"m-font-size-28 font-size-42\">P<\/span><span class=\"m-font-size-28 font-size-42\">RENEZ CONTACT AVEC <\/span><\/span><strong><span class=\"m-font-size-28 font-size-42\">EMMA\u00dcS<\/span><span class=\"m-font-size-28 font-size-42\">\u00a0LYON<\/span><\/strong><\/span><span class=\"m-font-size-28 font-size-36\"><br \/><\/span><\/h1>\t\t\t\t\t\t\t\t<\/div>\n\t\t\t\t<\/div>\n\t\t\t\t<\/div>\n\t\t<div class=\"elementor-element elementor-element-3daa3f9 e-con-full e-flex e-con e-child\" data-id=\"3daa3f9\" data-element_type=\"container\" data-e-type=\"container\">\n\t\t\t\t<div class=\"elementor-element elementor-element-fbb3759 elementor-align-center elementor-widget elementor-widget-button\" data-id=\"fbb3759\" data-element_type=\"widget\" data-e-type=\"widget\" data-widget_type=\"button.default\">\n\t\t\t\t<div class=\"elementor-widget-container\">\n\t\t\t\t\t\t\t\t\t<div class=\"elementor-button-wrapper\">\n\t\t\t\t\t<a class=\"elementor-button elementor-button-link elementor-size-sm\" href=\"https:\/\/emmaus-lyon-dev.org\/?page_id=3008\">\n\t\t\t\t\t\t<span class=\"elementor-button-content-wrapper\">\n\t\t\t\t\t\t\t\t\t<span class=\"elementor-button-text\">Contactez-nous<\/span>\n\t\t\t\t\t<\/span>\n\t\t\t\t\t<\/a>\n\t\t\t\t<\/div>\n\t\t\t\t\t\t\t\t<\/div>\n\t\t\t\t<\/div>\n\t\t\t\t<\/div>\n\t\t\t\t\t<\/div>\n\t\t\t\t<\/div>\n\t\t\t\t\t<\/div>\n\t\t\t\t<\/div>\n\t\t\t\t<\/div>\n\t\t","protected":false},"excerpt":{"rendered":"<p>DONNER Donnez ce que vous pourriez acheter \u00a0 Vos dons en produits et objets divers, v\u00eatements et meubles sont essentiels pour la vie de la communaut\u00e9, ils sont notre seule ressource. Ils g\u00e9n\u00e8rent de l\u2019activit\u00e9 pour notre communaut\u00e9 et permettent ainsi \u00e0 des personnes issues de la pr\u00e9carit\u00e9 de retrouver confiance en elles. Le savoir-faire [&hellip;]<\/p>\n","protected":false},"author":2,"featured_media":0,"parent":0,"menu_order":0,"comment_status":"closed","ping_status":"closed","template":"","meta":{"footnotes":""},"class_list":["post-113","page","type-page","status-publish","hentry"],"aioseo_notices":[],"_links":{"self":[{"href":"https:\/\/emmaus-lyon.org\/index.php?rest_route=\/wp\/v2\/pages\/113","targetHints":{"allow":["GET"]}}],"collection":[{"href":"https:\/\/emmaus-lyon.org\/index.php?rest_route=\/wp\/v2\/pages"}],"about":[{"href":"https:\/\/emmaus-lyon.org\/index.php?rest_route=\/wp\/v2\/types\/page"}],"author":[{"embeddable":true,"href":"https:\/\/emmaus-lyon.org\/index.php?rest_route=\/wp\/v2\/users\/2"}],"replies":[{"embeddable":true,"href":"https:\/\/emmaus-lyon.org\/index.php?rest_route=%2Fwp%2Fv2%2Fcomments&post=113"}],"version-history":[{"count":556,"href":"https:\/\/emmaus-lyon.org\/index.php?rest_route=\/wp\/v2\/pages\/113\/revisions"}],"predecessor-version":[{"id":16476,"href":"https:\/\/emmaus-lyon.org\/index.php?rest_route=\/wp\/v2\/pages\/113\/revisions\/16476"}],"wp:attachment":[{"href":"https:\/\/emmaus-lyon.org\/index.php?rest_route=%2Fwp%2Fv2%2Fmedia&parent=113"}],"curies":[{"name":"wp","href":"https:\/\/api.w.org\/{rel}","templated":true}]}}